{"id":4126,"date":"2021-08-05T08:27:20","date_gmt":"2021-08-05T06:27:20","guid":{"rendered":"https:\/\/www.vintagevenue.nl\/over-ons\/"},"modified":"2022-11-18T14:42:28","modified_gmt":"2022-11-18T13:42:28","slug":"about-us","status":"publish","type":"page","link":"https:\/\/www.vintagevenue.nl\/en\/about-us\/","title":{"rendered":"About us"},"content":{"rendered":"<p>[et_pb_section fb_built=&#8221;1&#8243; _builder_version=&#8221;4.16&#8243; _module_preset=&#8221;default&#8221; global_colors_info=&#8221;{}&#8221;][et_pb_row _builder_version=&#8221;4.16&#8243; _module_preset=&#8221;default&#8221; global_colors_info=&#8221;{}&#8221;][et_pb_column type=&#8221;4_4&#8243; _builder_version=&#8221;4.16&#8243; _module_preset=&#8221;default&#8221; global_colors_info=&#8221;{}&#8221;][et_pb_text _builder_version=&#8221;4.19.0&#8243; _module_preset=&#8221;default&#8221; custom_padding=&#8221;||0px|||&#8221; hover_enabled=&#8221;0&#8243; global_colors_info=&#8221;{}&#8221; sticky_enabled=&#8221;0&#8243; text_text_color=&#8221;#000000&#8243;]<\/p>\n<h1>ABOUT US<\/h1>\n<p>&nbsp;<\/p>\n<p><span style=\"font-size: large;\"><span style=\"color: #000000;\"><span style=\"font-family: Verdana, sans-serif;\"><strong>VINTAGE VENUE furniture <\/strong>is an online design gallery of vintage design furniture, with a showroom &amp; studio in the old characteristic furniture factory of Galvanitas in Oosterhout. Here, all furniture is first thoroughly checked upon arrival by means of a restoration inventory. We do both cosmetic restoration and total restoration and also work together with a furniture upholstery company in Breda. After the restoration, the furniture is ready for photography and is then offered for sale in our webshop and on other online platforms. Our collection \u2013 mainly from the 1920s, 1930s, 1950s, 1960s, 1970s and 1980s \u2013 includes: sideboards, wall systems, sideboards, wardrobes, sofas, desks, tables, armchairs, chairs, accessories, lighting and various art objects. All our items can be shipped worldwide. VINTAGE VENUE furniture originated from our passion for furniture restoration &amp; reuse, design, styling and aesthetics related to interior, architecture and art. We get our inspiration from different design movements and styles of the 20th century with their well-known and unknown designers &amp; producers.\u00a0<\/span><\/span><\/span><\/p>\n<p><span style=\"color: #000000; font-size: large;\"><span style=\"font-family: Verdana, sans-serif;\"><\/span><\/span><\/p>\n<p><span style=\"font-size: large;\"><b><span style=\"font-family: Verdana, sans-serif;\">Phone\/WHATSAPP: <\/span><\/b><span style=\"color: #000000;\"><span style=\"font-family: Verdana, sans-serif;\">+31(0)624410292<\/span><\/span><\/span><\/p>\n<p><span style=\"font-size: large;\"><span style=\"font-family: Verdana, sans-serif;\"><\/span><strong><span style=\"font-family: Verdana, sans-serif;\">SHOWROOM &amp; WORKSHOP: <\/span><\/strong><span style=\"font-family: Verdana, sans-serif;\">Wilhelminakanaal-Zuid 102, 4903RA in Oosterhout &#8211; the Netherlands<\/span><strong><span style=\"font-family: Verdana, sans-serif;\"><br \/><\/span><\/strong><\/span><\/p>\n<p><span style=\"font-size: large;\"><strong><span style=\"font-family: Verdana, sans-serif;\"><b>INSTAGRAM: <\/b><\/span><\/strong><span style=\"font-family: Verdana, sans-serif;\">You van follow us on Instagram\u00a0<\/span><a href=\"https:\/\/www.instagram.com\/vintagevenuefurniture\"><strong><span style=\"font-family: Verdana, sans-serif;\">@vintagevenuefurniture<\/span><\/strong><\/a><span style=\"font-family: Verdana, sans-serif;\"> to get a better view behind the scenes, how we work in our studio, the restoration process, showroom view, and to see when new items arrive before they go online.<\/span><\/span><\/p>\n<p><span style=\"font-size: large;\"><strong><span style=\"font-family: Verdana, sans-serif;\">DELIVERY:<\/span><\/strong><span style=\"font-family: Verdana, sans-serif;\">As mentioned, all our items can be shipped worldwide. For worldwide shipping, a tailor-made quote is requested from an international transport company. In most cases we do deliveries in the Netherlands and Belgium ourselves and cost 1 euro per kilometer from our location in Oosterhout. If you have any questions regarding delivery, please contact us via our mobile phone number +31 624410292, or send us an email to info@vintagevenue.nl<\/span><\/span><\/p>\n<p><span style=\"font-size: large;\"><strong><span style=\"font-family: Verdana, sans-serif;\">PURCHASE:<\/span><\/strong><span style=\"font-family: Verdana, sans-serif;\"> You can offer your vintage retro design furniture to us by sending photos via Whatsapp or email. When purchasing our vintage retro design furniture, we look, among other things, at the possible connection to our collection, the condition of the product \/ any restoration hours, marked \/ unbranded (both possible), the pick-up location, and the type of wood such as rosewood , walnut, teak, wenge, burr walnut, oak, etc. For more information about purchasing mail to info@vintagevenue.nl or app\/call +31 624410292.<\/span><\/span><\/p>\n<p><span style=\"font-size: large;\"><strong><span style=\"color: #000000;\"><span style=\"font-family: Verdana, sans-serif;\"><\/span><\/span><\/strong><\/span><\/p>\n<p><span style=\"font-size: large;\"><strong><span style=\"color: #000000;\"><span style=\"font-family: Verdana, sans-serif;\"><b>FURNS and STYLES:\u00a0<\/b><\/span><\/span><\/strong><span style=\"color: #000000;\"><span style=\"font-family: Verdana, sans-serif;\">Bauhaus, Art Deco, Art Nouveau, Deens design, Scandinavisch modern, Mid century modern, Minimalisme, Brutalisme, Italiaans design, Hollywood Regency, Eclectisch, Modernisme, Amsterdamse school, Haagse school, Bossche school, Kubisme, Industrieel, Rococo, De Stijl, Space Age, etc. <\/span><\/span><\/span><\/p>\n<p><span style=\"color: #000000; font-size: large;\"><span style=\"font-family: Verdana, sans-serif;\"><\/span><\/span><\/p>\n<p><span style=\"font-size: large;\"><strong><span style=\"color: #000000;\"><span style=\"font-family: Verdana, sans-serif;\">DESIGNERS &amp; PRODUCERS:\u00a0<\/span><\/span><\/strong><span style=\"color: #000000;\"><span style=\"font-family: Verdana, sans-serif;\">Galvanitas, Cees Braakman, Pastoe, Louis van Teeffelen, W\u00e9b\u00e9, Pouls Cadovius, Cado, Niels Otto M<\/span><\/span><span style=\"color: #000000;\"><span style=\"font-family: Verdana, sans-serif;\">\u00f8<\/span><\/span><span style=\"color: #000000;\"><span style=\"font-family: Verdana, sans-serif;\">ller, Kai Kristiansen, De Ster Gelderland, Topform, Fristho, William Watting, Marten Franckena, Rudolf Bernd Glatzel, Hans Wegner, Grete Jalk, Charles en Ray Eames, Herman Miller, Gispen, Bramin, Muntendam, Cesare Lacca, Zijlstra Joure, AA Patijn, Niels Bach, Illum Wikkelso, Juul Kristensen, Knoll Antimott, Wilkhahn, Theo Ruth, Pierre Paulin, Artifort, Spectrum, Mahjongg, Geoffrey Harcourt, Nisse String Strinning, Dyrlund, Borge Mogensen, WHB, France &amp; Son, Willy Guhl, Sven Ellekaer, Komfort, Johannes Andersen, Martin Visser, Uldum Mobelfabrik, Carl Hansen &amp; Son, Arne Wahl Iversen, Verner Panton, Komfort, Gimson en Slater, Roh\u00e9 Noordwolde, Bovenkamp, Wim Rietveld, Hans Olsen, Gunni Omann, Omann Jun, Ahrend de Cirkel, Ole Wanscher, CFC Silkeborg, Tjerk Reijenga, Pilastro, Aksel Bender Madsen, Dirk van Sliedrecht, Mies van der Rohe, Br\u00f6derna Gustafssons, Bruno Hansen, Getama, Artimeta, Glostrup, Henning Kjaernulf, Kho Liang Ie, Louis Kalff, Andr\u00e9 Cordemeyer, Kembo (Kom Eerst Maar Bij Ons), Propos Hulmefa, Tijsseling, Gio Ponti, Mario Bellini, Angelo Mangiarotti, Bernini, Arne Vodder, Jaap Ravelli, Car Katwijk, Finn Juhl, Eero Aarnio, Ilmari Tapiovaara, Bruynzeel, Piet Zwart, Wilhelm Lutjens, Rob Parry, Hansen <\/span><\/span><span style=\"color: #000000;\"><span style=\"font-family: Verdana, sans-serif;\">en Guldborg, Otto Gerdau, Eric Buck, G-plan, Glostrup, Hala, Rockenhausen, Arne Hovmand Olson, Oswald Vermaercke, De Coene, Pieter de Bruyne, MIS, Eero Saarinen, Anvia, Kaiser Idell, Alvar Aalto, Ate van Apeldoorn, Belarti, Bram Sprij, Elmar Berkovich, Osvaldo Borsani, Marcel Breuer, Castelli, Clausen and Maerus, Joe Colombo, Le Corbusier, Piet Hein Eek, Dieter Rams, Yngve Ekstr\u00f6m, Elmar Fl\u00f6totto, Niels Gammelgaard, Peter Ghyczy, Harry de Groot, Leolux, Pierre Guariche, Willem Hagoort, Fritz Hansen, Alfred Hendrickx, Herbert Hirche, Peter Hvidt, Helge Vestergaard Jensen, Hans Kaufeld, Paul Kingma, Paul Kjaerholm, Inger Klingenberg, Ib Kofod Larsen, Piero Lissoni, Macintosh, McIntosh, Willy van der Meeren, Arne Norell, Coja, G van Os, Esko Pajamies, Charlotte Perriand, Giancarlo Piretti, COR, Wilhelm Renz, Gastone Rinaldi, Hugo de Ruiter, Paul Schuitema, Helge Sibast, Anton Slotboom, Gijs van der Sluis, Henning S<\/span><\/span><span style=\"color: #000000;\"><span style=\"font-family: Verdana, sans-serif;\">\u00f8rensen, Philippe Starck, Centro Stilnove, Beomaster, Ingvar Stockum, Peter Strassl, De Sede, Raak, Thonet, Theo Tempelman, Andr\u00e9 van den Beuck, Martin Visser, Dieter Waeckerlin, Andy Warhol, Frank Lloyd Wright, Adri Belgique, Arflex, Arper, Artemide, Bartels, Bauhaus, Behr, Belform, Brabantia, Cassina, Chesterfield, De Nisco, Dijkstra, Domino M\u00f8bler Denmark, Durlet, Eden, Eeka, Emsa, West Germany, Eromes, Eugen Schmidt, Fr\u00f6scher Sitform, Flexform, FM M\u00f6bler, FM Formule Meubelen Waddinxveeen, Goldsiegel, GM M\u00f6bel, G\u00f6te M\u00f6bler, HG<\/span><\/span><span style=\"color: #000000;\"><span style=\"font-family: Verdana, sans-serif;\">furniture, Interl\u00fcbke, L\u00fcbke, Laauser, Lalique, Ligne Roset, Lockwood, Louis Poulsen, Marko, Metaform, Metz and Co, Meurop, Murano glass, Musterring, Nebu, Nesto, <\/span><\/span><span style=\"color: #000000;\"><span style=\"font-family: Verdana, sans-serif;\">Omer Lef\u00e8vre Meubelfabriek<\/span><\/span><span style=\"color: #000000;\"><span style=\"font-family: Verdana, sans-serif;\">, Pagholz, Royal System, Sibast, Simpla Lux, Simplalux, Sitag, Thur op Seat, Tomado, Westn<\/span><\/span><span style=\"color: #000000;\"><span style=\"font-family: Verdana, sans-serif;\"><\/span><\/span><span style=\"color: #000000;\"><span style=\"font-family: Verdana, sans-serif;\">ofa, Magnus Olesen, Wilhelm Renz, Troeds, Fredericia, Harry Bertoia, Arne Jacobsen, Gerard van den Berg, Albin Johansson and S\u00f6ner, H\u00f8ng St\u00f8lefabrik, etc.<\/span><\/span><\/span><\/p>\n<p>[\/et_pb_text][\/et_pb_column][\/et_pb_row][\/et_pb_section]<\/p>\n","protected":false},"excerpt":{"rendered":"<p>ABOUT US &nbsp; VINTAGE VENUE furniture is an online design gallery of vintage design furniture, with a showroom &amp; studio in the old characteristic furniture factory of Galvanitas in Oosterhout. Here, all furniture is first thoroughly checked upon arrival by means of a restoration inventory. We do both cosmetic restoration and total restoration and also [&hellip;]<\/p>\n","protected":false},"author":1,"featured_media":0,"parent":0,"menu_order":0,"comment_status":"closed","ping_status":"closed","template":"","meta":{"_et_pb_use_builder":"on","_et_pb_old_content":"","_et_gb_content_width":"","footnotes":""},"class_list":["post-4126","page","type-page","status-publish","hentry"],"yoast_head":"<!-- This site is optimized with the Yoast SEO plugin v27.4 - https:\/\/yoast.com\/product\/yoast-seo-wordpress\/ -->\n<title>About us | Vintage Venue furniture<\/title>\n<meta name=\"robots\" content=\"index, follow, max-snippet:-1, max-image-preview:large, max-video-preview:-1\" \/>\n<link rel=\"canonical\" href=\"https:\/\/www.vintagevenue.nl\/en\/about-us\/\" \/>\n<meta property=\"og:locale\" content=\"en_GB\" \/>\n<meta property=\"og:type\" content=\"article\" \/>\n<meta property=\"og:title\" content=\"About us | Vintage Venue furniture\" \/>\n<meta property=\"og:description\" content=\"ABOUT US &nbsp; VINTAGE VENUE furniture is an online design gallery of vintage design furniture, with a showroom &amp; studio in the old characteristic furniture factory of Galvanitas in Oosterhout. Here, all furniture is first thoroughly checked upon arrival by means of a restoration inventory. We do both cosmetic restoration and total restoration and also [&hellip;]\" \/>\n<meta property=\"og:url\" content=\"https:\/\/www.vintagevenue.nl\/en\/about-us\/\" \/>\n<meta property=\"og:site_name\" content=\"Vintage Venue furniture\" \/>\n<meta property=\"article:modified_time\" content=\"2022-11-18T13:42:28+00:00\" \/>\n<meta name=\"twitter:card\" content=\"summary_large_image\" \/>\n<meta name=\"twitter:label1\" content=\"Estimated reading time\" \/>\n\t<meta name=\"twitter:data1\" content=\"5 minutes\" \/>\n<script type=\"application\/ld+json\" class=\"yoast-schema-graph\">{\"@context\":\"https:\\\/\\\/schema.org\",\"@graph\":[{\"@type\":\"WebPage\",\"@id\":\"https:\\\/\\\/www.vintagevenue.nl\\\/en\\\/about-us\\\/\",\"url\":\"https:\\\/\\\/www.vintagevenue.nl\\\/en\\\/about-us\\\/\",\"name\":\"About us | Vintage Venue furniture\",\"isPartOf\":{\"@id\":\"https:\\\/\\\/www.vintagevenue.nl\\\/#website\"},\"datePublished\":\"2021-08-05T06:27:20+00:00\",\"dateModified\":\"2022-11-18T13:42:28+00:00\",\"breadcrumb\":{\"@id\":\"https:\\\/\\\/www.vintagevenue.nl\\\/en\\\/about-us\\\/#breadcrumb\"},\"inLanguage\":\"en-GB\",\"potentialAction\":[{\"@type\":\"ReadAction\",\"target\":[\"https:\\\/\\\/www.vintagevenue.nl\\\/en\\\/about-us\\\/\"]}]},{\"@type\":\"BreadcrumbList\",\"@id\":\"https:\\\/\\\/www.vintagevenue.nl\\\/en\\\/about-us\\\/#breadcrumb\",\"itemListElement\":[{\"@type\":\"ListItem\",\"position\":1,\"name\":\"Home\",\"item\":\"https:\\\/\\\/www.vintagevenue.nl\\\/\"},{\"@type\":\"ListItem\",\"position\":2,\"name\":\"About us\"}]},{\"@type\":\"WebSite\",\"@id\":\"https:\\\/\\\/www.vintagevenue.nl\\\/#website\",\"url\":\"https:\\\/\\\/www.vintagevenue.nl\\\/\",\"name\":\"Vintage Venue furniture\",\"description\":\"\",\"publisher\":{\"@id\":\"https:\\\/\\\/www.vintagevenue.nl\\\/#organization\"},\"potentialAction\":[{\"@type\":\"SearchAction\",\"target\":{\"@type\":\"EntryPoint\",\"urlTemplate\":\"https:\\\/\\\/www.vintagevenue.nl\\\/?s={search_term_string}\"},\"query-input\":{\"@type\":\"PropertyValueSpecification\",\"valueRequired\":true,\"valueName\":\"search_term_string\"}}],\"inLanguage\":\"en-GB\"},{\"@type\":\"Organization\",\"@id\":\"https:\\\/\\\/www.vintagevenue.nl\\\/#organization\",\"name\":\"Vintage Venue furniture\",\"url\":\"https:\\\/\\\/www.vintagevenue.nl\\\/\",\"logo\":{\"@type\":\"ImageObject\",\"inLanguage\":\"en-GB\",\"@id\":\"https:\\\/\\\/www.vintagevenue.nl\\\/#\\\/schema\\\/logo\\\/image\\\/\",\"url\":\"https:\\\/\\\/www.vintagevenue.nl\\\/wp-content\\\/uploads\\\/Logo-VINTAGE-VENUE-furniture-2026-LIGGEND-met-grotere-afbeelding.jpg\",\"contentUrl\":\"https:\\\/\\\/www.vintagevenue.nl\\\/wp-content\\\/uploads\\\/Logo-VINTAGE-VENUE-furniture-2026-LIGGEND-met-grotere-afbeelding.jpg\",\"width\":2090,\"height\":445,\"caption\":\"Vintage Venue furniture\"},\"image\":{\"@id\":\"https:\\\/\\\/www.vintagevenue.nl\\\/#\\\/schema\\\/logo\\\/image\\\/\"},\"sameAs\":[\"https:\\\/\\\/www.instagram.com\\\/vintagevenuefurniture\\\/\"]}]}<\/script>\n<!-- \/ Yoast SEO plugin. -->","yoast_head_json":{"title":"About us | Vintage Venue furniture","robots":{"index":"index","follow":"follow","max-snippet":"max-snippet:-1","max-image-preview":"max-image-preview:large","max-video-preview":"max-video-preview:-1"},"canonical":"https:\/\/www.vintagevenue.nl\/en\/about-us\/","og_locale":"en_GB","og_type":"article","og_title":"About us | Vintage Venue furniture","og_description":"ABOUT US &nbsp; VINTAGE VENUE furniture is an online design gallery of vintage design furniture, with a showroom &amp; studio in the old characteristic furniture factory of Galvanitas in Oosterhout. Here, all furniture is first thoroughly checked upon arrival by means of a restoration inventory. We do both cosmetic restoration and total restoration and also [&hellip;]","og_url":"https:\/\/www.vintagevenue.nl\/en\/about-us\/","og_site_name":"Vintage Venue furniture","article_modified_time":"2022-11-18T13:42:28+00:00","twitter_card":"summary_large_image","twitter_misc":{"Estimated reading time":"5 minutes"},"schema":{"@context":"https:\/\/schema.org","@graph":[{"@type":"WebPage","@id":"https:\/\/www.vintagevenue.nl\/en\/about-us\/","url":"https:\/\/www.vintagevenue.nl\/en\/about-us\/","name":"About us | Vintage Venue furniture","isPartOf":{"@id":"https:\/\/www.vintagevenue.nl\/#website"},"datePublished":"2021-08-05T06:27:20+00:00","dateModified":"2022-11-18T13:42:28+00:00","breadcrumb":{"@id":"https:\/\/www.vintagevenue.nl\/en\/about-us\/#breadcrumb"},"inLanguage":"en-GB","potentialAction":[{"@type":"ReadAction","target":["https:\/\/www.vintagevenue.nl\/en\/about-us\/"]}]},{"@type":"BreadcrumbList","@id":"https:\/\/www.vintagevenue.nl\/en\/about-us\/#breadcrumb","itemListElement":[{"@type":"ListItem","position":1,"name":"Home","item":"https:\/\/www.vintagevenue.nl\/"},{"@type":"ListItem","position":2,"name":"About us"}]},{"@type":"WebSite","@id":"https:\/\/www.vintagevenue.nl\/#website","url":"https:\/\/www.vintagevenue.nl\/","name":"Vintage Venue furniture","description":"","publisher":{"@id":"https:\/\/www.vintagevenue.nl\/#organization"},"potentialAction":[{"@type":"SearchAction","target":{"@type":"EntryPoint","urlTemplate":"https:\/\/www.vintagevenue.nl\/?s={search_term_string}"},"query-input":{"@type":"PropertyValueSpecification","valueRequired":true,"valueName":"search_term_string"}}],"inLanguage":"en-GB"},{"@type":"Organization","@id":"https:\/\/www.vintagevenue.nl\/#organization","name":"Vintage Venue furniture","url":"https:\/\/www.vintagevenue.nl\/","logo":{"@type":"ImageObject","inLanguage":"en-GB","@id":"https:\/\/www.vintagevenue.nl\/#\/schema\/logo\/image\/","url":"https:\/\/www.vintagevenue.nl\/wp-content\/uploads\/Logo-VINTAGE-VENUE-furniture-2026-LIGGEND-met-grotere-afbeelding.jpg","contentUrl":"https:\/\/www.vintagevenue.nl\/wp-content\/uploads\/Logo-VINTAGE-VENUE-furniture-2026-LIGGEND-met-grotere-afbeelding.jpg","width":2090,"height":445,"caption":"Vintage Venue furniture"},"image":{"@id":"https:\/\/www.vintagevenue.nl\/#\/schema\/logo\/image\/"},"sameAs":["https:\/\/www.instagram.com\/vintagevenuefurniture\/"]}]}},"_links":{"self":[{"href":"https:\/\/www.vintagevenue.nl\/en\/wp-json\/wp\/v2\/pages\/4126","targetHints":{"allow":["GET"]}}],"collection":[{"href":"https:\/\/www.vintagevenue.nl\/en\/wp-json\/wp\/v2\/pages"}],"about":[{"href":"https:\/\/www.vintagevenue.nl\/en\/wp-json\/wp\/v2\/types\/page"}],"author":[{"embeddable":true,"href":"https:\/\/www.vintagevenue.nl\/en\/wp-json\/wp\/v2\/users\/1"}],"replies":[{"embeddable":true,"href":"https:\/\/www.vintagevenue.nl\/en\/wp-json\/wp\/v2\/comments?post=4126"}],"version-history":[{"count":0,"href":"https:\/\/www.vintagevenue.nl\/en\/wp-json\/wp\/v2\/pages\/4126\/revisions"}],"wp:attachment":[{"href":"https:\/\/www.vintagevenue.nl\/en\/wp-json\/wp\/v2\/media?parent=4126"}],"curies":[{"name":"wp","href":"https:\/\/api.w.org\/{rel}","templated":true}]}}