{"id":8,"date":"2021-08-05T08:27:20","date_gmt":"2021-08-05T06:27:20","guid":{"rendered":"https:\/\/www.vintagevenue.nl\/?page_id=8"},"modified":"2023-02-07T10:44:34","modified_gmt":"2023-02-07T09:44:34","slug":"over-ons","status":"publish","type":"page","link":"https:\/\/www.vintagevenue.nl\/en\/about-us-2\/","title":{"rendered":"About us"},"content":{"rendered":"<p>[et_pb_section fb_built=&#8221;1&#8243; _builder_version=&#8221;4.16&#8243; _module_preset=&#8221;default&#8221; global_colors_info=&#8221;{}&#8221;][et_pb_row _builder_version=&#8221;4.16&#8243; _module_preset=&#8221;default&#8221; custom_margin=&#8221;|auto||131px||&#8221; global_colors_info=&#8221;{}&#8221;][et_pb_column type=&#8221;4_4&#8243; _builder_version=&#8221;4.16&#8243; _module_preset=&#8221;default&#8221; global_colors_info=&#8221;{}&#8221;][et_pb_text _builder_version=&#8221;4.19.0&#8243; _module_preset=&#8221;default&#8221; custom_padding=&#8221;||0px|||&#8221; global_colors_info=&#8221;{}&#8221;]<\/p>\n<h1>\u00a0<\/h1>\n<h1>OVER ONS<\/h1>\n<p>&nbsp;<\/p>\n<p><strong>VINTAGE VENUE furniture<\/strong><span>\u00a0is een online design gallery van vintage design meubels, met een showroom &amp; atelier in de oude karakteristieke meubelfabriek van Galvanitas in Oosterhout. Hier worden alle meubelen bij binnenkomst eerst goed gecheckt middels een restauratie-inventarisatie. We doen zowel cosmetische restauratie als totale restauratie en werken tevens samen met een meubelstoffeerderij in Breda. Na de restauratie zijn de meubels klaar voor fotografie en worden ze vervolgens in onze webshop en op overige online platformen te koop aangeboden. Onze collectie \u2013 voornamelijk jaren \u201920, \u201930, \u201950, \u201960, \u201970, en \u201980 \u2013 bestaat uit onder andere: dressoirs, wandsystemen, buffetkasten, kledingkasten, banken, bureaus, tafels, fauteuils, stoelen, accessoires, verlichting en verschillende kunstobjecten. Al onze items kunnen wereldwijd worden verzonden. VINTAGE VENUE furniture is ontstaan vanuit onze passie voor meubelrestauratie &amp; -hergebruik, design, vormgeving en esthetiek met betrekking tot interieur, architectuur en kunst. Onze inspiratie halen we uit verschillende designstromingen en -stijlen van de 20ste eeuw met hun bekende \u00e9n onbekende ontwerpers &amp; producenten.<\/span><br \/><strong><br \/>SHOWROOM &amp; ATELIER:<\/strong><span> Wilhelminakanaal-Zuid 102, 4903RA in Oosterhout &#8211; Nederland<\/span><\/p>\n<p><strong>INSTAGRAM: <\/strong>@vintagevenuefurniture\u00a0<\/p>\n<p><strong>TEL \/ WHATSAPP:<\/strong> +31 624410292<\/p>\n<p><span><strong>BEZORGING:<\/strong> Al onze items kunnen wereldwijd worden verzonden. Bezorgingen in Nederland en Belgi\u00eb doen we in de meeste gevallen zelf en kosten 1 euro per kilometer vanaf onze locatie in Oosterhout: Wilhelminakanaal Zuid 102, met een minimum van 50 euro.<\/span><span> Als u meerdere producten tegelijk bestelt, zijn alleen de bezorgkosten van het grootste artikel van toepassing. Nadat wij uw bestelling hebben ontvangen nemen wij contact met u op om een \u200b\u200bafspraak te maken voor de bezorging.<\/span><strong><span style=\"font-size: 15px;\">\u00a0<\/span><\/strong>Voor internationale bezorging buiten Nederland en Belgi\u00eb werken wij samen met meerdere internationale transportbedrijven. Als internationale bezorging op u van toepassing is, vragen we het transportbedrijf eerst om een \u200b\u200bofferte voor transport\/verzending\/import (VK). Wanneer u akkoord gaat met de transport-\/verzendkosten, sturen wij u vervolgens een factuur. Wanneer we het totaalbedrag van de factuur zichtbaar op onze bankrekening hebben ontvangen, starten we met inpakken en geven we een definitieve GO voor het afhalen door de transporteur. Het is ook mogelijk om het product zelf op te halen op onze showroomlocatie in de oude meubelfabriek van Galvanitas: Wilhelminakanaal-Zuid 102, 4903RA Oosterhout (Breda) &#8211; Nederland. Wij zijn open op afspraak, dus bel ons van te voren om een \u200b\u200bgeschikte dag en tijd af te spreken. <span>Indien u verder nog vragen heeft neem dan even contact met ons op via ons mobiele telefoonnummer <\/span><span><strong>+31 624410292<\/strong>, of stuur ons even een mail via <\/span><strong><span style=\"background-color: #ffffff; font-size: 15px;\">info@vin<\/span><span style=\"font-size: 15px;\">tagevenue.nl<\/span><\/strong><span style=\"font-size: large;\"><span style=\"color: #000000;\"><span style=\"font-family: Verdana, sans-serif;\"> <\/span><\/span><\/span><\/p>\n<p><strong>INKOOP:<\/strong> U kunt uw vintage retro design meubels bij ons aanbieden door bij voorkeur foto&#8217;s te sturen via whatsapp of email. Bij de inkoop van onze vintage retro design meubels kijken we onder andere naar de aansluiting bij onze collectie, de staat van het product \/ inventarisatie restauratie, de ophaallocatie, en de inkoopprijs. Voor meer informatie over inkoop bel of app naar <strong>+31 624410292<\/strong> of mail naar <strong><a href=\"mailto:info@vintagevenue.nl\">info@vintagevenue.nl<\/a><\/strong><\/p>\n<p><strong><\/strong><\/p>\n<p><span style=\"font-size: large;\"><strong><span style=\"color: #000000;\"><span style=\"font-family: Verdana, sans-serif;\"><\/span><\/span><\/strong><\/span><\/p>\n<p><span style=\"font-size: large;\"><strong><span style=\"color: #000000;\"><span style=\"font-family: Verdana, sans-serif;\"><b>STROMINGEN &amp; STIJLEN:\u00a0<\/b><\/span><\/span><\/strong><span style=\"color: #000000;\"><span style=\"font-family: Verdana, sans-serif;\">Bauhaus, Art Deco, Art Nouveau, Deens design, Scandinavisch modern, Mid century modern, Minimalisme, Brutalisme, Italiaans design, Hollywood Regency, Eclectisch, Modernisme, Amsterdamse school, Haagse school, Bossche school, Kubisme, Industrieel, Rococo, De Stijl, Space Age, etc.<\/span><\/span><\/span><\/p>\n<p><span style=\"color: #000000; font-size: large;\"><span style=\"font-family: Verdana, sans-serif;\"><\/span><\/span><\/p>\n<p><span style=\"font-size: large;\"><strong><span style=\"color: #000000;\"><span style=\"font-family: Verdana, sans-serif;\">ONTWERPERS &amp; PRODUCENTEN<\/span><\/span><span style=\"color: #000000;\"><span style=\"font-family: Verdana, sans-serif;\">: <\/span><\/span><\/strong><span style=\"color: #000000;\"><span style=\"font-family: Verdana, sans-serif;\">Galvanitas, Cees Braakman, Pastoe, Louis van Teeffelen, W\u00e9b\u00e9, Pouls Cadovius, Cado, Niels Otto M<\/span><\/span><span style=\"color: #000000;\"><span style=\"font-family: Verdana, sans-serif;\">\u00f8<\/span><\/span><span style=\"color: #000000;\"><span style=\"font-family: Verdana, sans-serif;\">ller, Kai Kristiansen, De Ster Gelderland, Topform, Fristho, William Watting, Marten Franckena, Rudolf Bernd Glatzel, Hans Wegner, Grete Jalk, Charles en Ray Eames, Herman Miller, Gispen, Bramin, Muntendam, Cesare Lacca, Zijlstra Joure, AA Patijn, Niels Bach, Illum Wikkelso, Juul Kristensen, Knoll Antimott, Wilkhahn, Theo Ruth, Pierre Paulin, Artifort, Spectrum, Mahjongg, Geoffrey Harcourt, Nisse String Strinning, Dyrlund, Borge Mogensen, WHB, France &amp; Son, Willy Guhl, Sven Ellekaer, Komfort, Johannes Andersen, Martin Visser, Uldum Mobelfabrik, Carl Hansen &amp; Son, Arne Wahl Iversen, Verner Panton, Komfort, Gimson en Slater, Roh\u00e9 Noordwolde, Bovenkamp, Wim Rietveld, Hans Olsen, Gunni Omann, Omann Jun, Ahrend de Cirkel, Ole Wanscher, CFC Silkeborg, Tjerk Reijenga, Pilastro, Aksel Bender Madsen, Dirk van Sliedrecht, Mies van der Rohe, Br\u00f6derna Gustafssons, Bruno Hansen, Getama, Artimeta, Glostrup, Henning Kjaernulf, Kho Liang Ie, Louis Kalff, Andr\u00e9 Cordemeyer, Kembo (Kom Eerst Maar Bij Ons), Propos Hulmefa, Tijsseling, Gio Ponti, Mario Bellini, Angelo Mangiarotti, Bernini, Arne Vodder, Jaap Ravelli, Car Katwijk, Finn Juhl, Eero Aarnio, Ilmari Tapiovaara, Bruynzeel, Piet Zwart, Wilhelm Lutjens, Rob Parry, Hansen <\/span><\/span><span style=\"color: #000000;\"><span style=\"font-family: Verdana, sans-serif;\">en Guldborg, Otto Gerdau, Eric Buck, G-plan, Glostrup, Hala, Rockenhausen, Arne Hovmand Olson, Oswald Vermaercke, De Coene, Pieter de Bruyne, MIS, Eero Saarinen, Anvia, Kaiser Idell, Alvar Aalto, Ate van Apeldoorn, Belarti, Bram Sprij, Elmar Berkovich, Osvaldo Borsani, Marcel Breuer, Castelli, Clausen and Maerus, Joe Colombo, Le Corbusier, Piet Hein Eek, Dieter Rams, Yngve Ekstr\u00f6m, Elmar Fl\u00f6totto, Niels Gammelgaard, Peter Ghyczy, Harry de Groot, Leolux, Pierre Guariche, Willem Hagoort, Fritz Hansen, Alfred Hendrickx, Herbert Hirche, Peter Hvidt, Helge Vestergaard Jensen, Hans Kaufeld, Paul Kingma, Paul Kjaerholm, Inger Klingenberg, Ib Kofod Larsen, Piero Lissoni, Macintosh, McIntosh, Willy van der Meeren, Arne Norell, Coja, G van Os, Esko Pajamies, Charlotte Perriand, Giancarlo Piretti, COR, Wilhelm Renz, Gastone Rinaldi, Hugo de Ruiter, Paul Schuitema, Helge Sibast, Anton Slotboom, Gijs van der Sluis, Henning S<\/span><\/span><span style=\"color: #000000;\"><span style=\"font-family: Verdana, sans-serif;\">\u00f8rensen, Philippe Starck, Centro Stilnove, Beomaster, Ingvar Stockum, Peter Strassl, De Sede, Raak, Thonet, Theo Tempelman, Andr\u00e9 van den Beuck, Martin Visser, Dieter Waeckerlin, Andy Warhol, Frank Lloyd Wright, Adri Belgique, Arflex, Arper, Artemide, Bartels, Bauhaus, Behr, Belform, Brabantia, Cassina, Chesterfield, De Nisco, Dijkstra, Domino M\u00f8bler Denmark, Durlet, Eden, Eeka, Emsa, West Germany, Eromes, Eugen Schmidt, Fr\u00f6scher Sitform, Flexform, FM M\u00f6bler, FM Formule Meubelen Waddinxveeen, Goldsiegel, GM M\u00f6bel, G\u00f6te M\u00f6bler, HG<\/span><\/span><span style=\"color: #000000;\"><span style=\"font-family: Verdana, sans-serif;\">furniture, Interl\u00fcbke, L\u00fcbke, Laauser, Lalique, Ligne Roset, Lockwood, Louis Poulsen, Marko, Metaform, Metz and Co, Meurop, Murano glass, Musterring, Nebu, Nesto, <\/span><\/span><span style=\"color: #000000;\"><span style=\"font-family: Verdana, sans-serif;\">Omer Lef\u00e8vre Meubelfabriek<\/span><\/span><span style=\"color: #000000;\"><span style=\"font-family: Verdana, sans-serif;\">, Pagholz, Royal System, Sibast, Simpla Lux, Simplalux, Sitag, Thur op Seat, Tomado, Westn<\/span><\/span><span style=\"color: #000000;\"><span style=\"font-family: Verdana, sans-serif;\"><\/span><\/span><span style=\"color: #000000;\"><span style=\"font-family: Verdana, sans-serif;\">ofa, Magnus Olesen, Wilhelm Renz, Troeds, Fredericia, Harry Bertoia, Arne Jacobsen, Gerard van den Berg, Albin Johansson and S\u00f6ner, H\u00f8ng St\u00f8lefabrik, etc.<\/span><\/span><\/span><\/p>\n<p>[\/et_pb_text][\/et_pb_column][\/et_pb_row][\/et_pb_section]<\/p>\n","protected":false},"excerpt":{"rendered":"<p>\u00a0 OVER ONS &nbsp; VINTAGE VENUE furniture\u00a0is een online design gallery van vintage design meubels, met een showroom &amp; atelier in de oude karakteristieke meubelfabriek van Galvanitas in Oosterhout. Hier worden alle meubelen bij binnenkomst eerst goed gecheckt middels een restauratie-inventarisatie. We doen zowel cosmetische restauratie als totale restauratie en werken tevens samen met een [&hellip;]<\/p>\n","protected":false},"author":1,"featured_media":0,"parent":0,"menu_order":0,"comment_status":"closed","ping_status":"closed","template":"","meta":{"_et_pb_use_builder":"on","_et_pb_old_content":"","_et_gb_content_width":"","footnotes":""},"class_list":["post-8","page","type-page","status-publish","hentry"],"yoast_head":"<!-- This site is optimized with the Yoast SEO plugin v27.5 - https:\/\/yoast.com\/product\/yoast-seo-wordpress\/ -->\n<title>Over ons | Vintage Venue furniture<\/title>\n<meta name=\"robots\" content=\"index, follow, max-snippet:-1, max-image-preview:large, max-video-preview:-1\" \/>\n<link rel=\"canonical\" href=\"https:\/\/www.vintagevenue.nl\/en\/about-us-2\/\" \/>\n<meta property=\"og:locale\" content=\"en_GB\" \/>\n<meta property=\"og:type\" content=\"article\" \/>\n<meta property=\"og:title\" content=\"Over ons | Vintage Venue furniture\" \/>\n<meta property=\"og:description\" content=\"\u00a0 OVER ONS &nbsp; VINTAGE VENUE furniture\u00a0is een online design gallery van vintage design meubels, met een showroom &amp; atelier in de oude karakteristieke meubelfabriek van Galvanitas in Oosterhout. Hier worden alle meubelen bij binnenkomst eerst goed gecheckt middels een restauratie-inventarisatie. We doen zowel cosmetische restauratie als totale restauratie en werken tevens samen met een [&hellip;]\" \/>\n<meta property=\"og:url\" content=\"https:\/\/www.vintagevenue.nl\/en\/about-us-2\/\" \/>\n<meta property=\"og:site_name\" content=\"Vintage Venue furniture\" \/>\n<meta property=\"article:modified_time\" content=\"2023-02-07T09:44:34+00:00\" \/>\n<meta name=\"twitter:card\" content=\"summary_large_image\" \/>\n<meta name=\"twitter:label1\" content=\"Estimated reading time\" \/>\n\t<meta name=\"twitter:data1\" content=\"5 minutes\" \/>\n<script type=\"application\/ld+json\" class=\"yoast-schema-graph\">{\"@context\":\"https:\\\/\\\/schema.org\",\"@graph\":[{\"@type\":\"WebPage\",\"@id\":\"https:\\\/\\\/www.vintagevenue.nl\\\/over-ons\\\/\",\"url\":\"https:\\\/\\\/www.vintagevenue.nl\\\/over-ons\\\/\",\"name\":\"Over ons | Vintage Venue furniture\",\"isPartOf\":{\"@id\":\"https:\\\/\\\/www.vintagevenue.nl\\\/#website\"},\"datePublished\":\"2021-08-05T06:27:20+00:00\",\"dateModified\":\"2023-02-07T09:44:34+00:00\",\"breadcrumb\":{\"@id\":\"https:\\\/\\\/www.vintagevenue.nl\\\/over-ons\\\/#breadcrumb\"},\"inLanguage\":\"en-GB\",\"potentialAction\":[{\"@type\":\"ReadAction\",\"target\":[\"https:\\\/\\\/www.vintagevenue.nl\\\/over-ons\\\/\"]}]},{\"@type\":\"BreadcrumbList\",\"@id\":\"https:\\\/\\\/www.vintagevenue.nl\\\/over-ons\\\/#breadcrumb\",\"itemListElement\":[{\"@type\":\"ListItem\",\"position\":1,\"name\":\"Home\",\"item\":\"https:\\\/\\\/www.vintagevenue.nl\\\/\"},{\"@type\":\"ListItem\",\"position\":2,\"name\":\"Over ons\"}]},{\"@type\":\"WebSite\",\"@id\":\"https:\\\/\\\/www.vintagevenue.nl\\\/#website\",\"url\":\"https:\\\/\\\/www.vintagevenue.nl\\\/\",\"name\":\"Vintage Venue furniture\",\"description\":\"\",\"publisher\":{\"@id\":\"https:\\\/\\\/www.vintagevenue.nl\\\/#organization\"},\"potentialAction\":[{\"@type\":\"SearchAction\",\"target\":{\"@type\":\"EntryPoint\",\"urlTemplate\":\"https:\\\/\\\/www.vintagevenue.nl\\\/?s={search_term_string}\"},\"query-input\":{\"@type\":\"PropertyValueSpecification\",\"valueRequired\":true,\"valueName\":\"search_term_string\"}}],\"inLanguage\":\"en-GB\"},{\"@type\":\"Organization\",\"@id\":\"https:\\\/\\\/www.vintagevenue.nl\\\/#organization\",\"name\":\"Vintage Venue furniture\",\"url\":\"https:\\\/\\\/www.vintagevenue.nl\\\/\",\"logo\":{\"@type\":\"ImageObject\",\"inLanguage\":\"en-GB\",\"@id\":\"https:\\\/\\\/www.vintagevenue.nl\\\/#\\\/schema\\\/logo\\\/image\\\/\",\"url\":\"https:\\\/\\\/www.vintagevenue.nl\\\/wp-content\\\/uploads\\\/Logo-VINTAGE-VENUE-furniture-2026-LIGGEND-met-grotere-afbeelding.jpg\",\"contentUrl\":\"https:\\\/\\\/www.vintagevenue.nl\\\/wp-content\\\/uploads\\\/Logo-VINTAGE-VENUE-furniture-2026-LIGGEND-met-grotere-afbeelding.jpg\",\"width\":2090,\"height\":445,\"caption\":\"Vintage Venue furniture\"},\"image\":{\"@id\":\"https:\\\/\\\/www.vintagevenue.nl\\\/#\\\/schema\\\/logo\\\/image\\\/\"},\"sameAs\":[\"https:\\\/\\\/www.instagram.com\\\/vintagevenuefurniture\\\/\"]}]}<\/script>\n<!-- \/ Yoast SEO plugin. -->","yoast_head_json":{"title":"About us | Vintage Venue furniture","robots":{"index":"index","follow":"follow","max-snippet":"max-snippet:-1","max-image-preview":"max-image-preview:large","max-video-preview":"max-video-preview:-1"},"canonical":"https:\/\/www.vintagevenue.nl\/en\/about-us-2\/","og_locale":"en_GB","og_type":"article","og_title":"Over ons | Vintage Venue furniture","og_description":"\u00a0 OVER ONS &nbsp; VINTAGE VENUE furniture\u00a0is een online design gallery van vintage design meubels, met een showroom &amp; atelier in de oude karakteristieke meubelfabriek van Galvanitas in Oosterhout. Hier worden alle meubelen bij binnenkomst eerst goed gecheckt middels een restauratie-inventarisatie. We doen zowel cosmetische restauratie als totale restauratie en werken tevens samen met een [&hellip;]","og_url":"https:\/\/www.vintagevenue.nl\/en\/about-us-2\/","og_site_name":"Vintage Venue furniture","article_modified_time":"2023-02-07T09:44:34+00:00","twitter_card":"summary_large_image","twitter_misc":{"Estimated reading time":"5 minutes"},"schema":{"@context":"https:\/\/schema.org","@graph":[{"@type":"WebPage","@id":"https:\/\/www.vintagevenue.nl\/over-ons\/","url":"https:\/\/www.vintagevenue.nl\/over-ons\/","name":"About us | Vintage Venue furniture","isPartOf":{"@id":"https:\/\/www.vintagevenue.nl\/#website"},"datePublished":"2021-08-05T06:27:20+00:00","dateModified":"2023-02-07T09:44:34+00:00","breadcrumb":{"@id":"https:\/\/www.vintagevenue.nl\/over-ons\/#breadcrumb"},"inLanguage":"en-GB","potentialAction":[{"@type":"ReadAction","target":["https:\/\/www.vintagevenue.nl\/over-ons\/"]}]},{"@type":"BreadcrumbList","@id":"https:\/\/www.vintagevenue.nl\/over-ons\/#breadcrumb","itemListElement":[{"@type":"ListItem","position":1,"name":"Home","item":"https:\/\/www.vintagevenue.nl\/"},{"@type":"ListItem","position":2,"name":"Over ons"}]},{"@type":"WebSite","@id":"https:\/\/www.vintagevenue.nl\/#website","url":"https:\/\/www.vintagevenue.nl\/","name":"Vintage Venue furniture","description":"","publisher":{"@id":"https:\/\/www.vintagevenue.nl\/#organization"},"potentialAction":[{"@type":"SearchAction","target":{"@type":"EntryPoint","urlTemplate":"https:\/\/www.vintagevenue.nl\/?s={search_term_string}"},"query-input":{"@type":"PropertyValueSpecification","valueRequired":true,"valueName":"search_term_string"}}],"inLanguage":"en-GB"},{"@type":"Organization","@id":"https:\/\/www.vintagevenue.nl\/#organization","name":"Vintage Venue furniture","url":"https:\/\/www.vintagevenue.nl\/","logo":{"@type":"ImageObject","inLanguage":"en-GB","@id":"https:\/\/www.vintagevenue.nl\/#\/schema\/logo\/image\/","url":"https:\/\/www.vintagevenue.nl\/wp-content\/uploads\/Logo-VINTAGE-VENUE-furniture-2026-LIGGEND-met-grotere-afbeelding.jpg","contentUrl":"https:\/\/www.vintagevenue.nl\/wp-content\/uploads\/Logo-VINTAGE-VENUE-furniture-2026-LIGGEND-met-grotere-afbeelding.jpg","width":2090,"height":445,"caption":"Vintage Venue furniture"},"image":{"@id":"https:\/\/www.vintagevenue.nl\/#\/schema\/logo\/image\/"},"sameAs":["https:\/\/www.instagram.com\/vintagevenuefurniture\/"]}]}},"_links":{"self":[{"href":"https:\/\/www.vintagevenue.nl\/en\/wp-json\/wp\/v2\/pages\/8","targetHints":{"allow":["GET"]}}],"collection":[{"href":"https:\/\/www.vintagevenue.nl\/en\/wp-json\/wp\/v2\/pages"}],"about":[{"href":"https:\/\/www.vintagevenue.nl\/en\/wp-json\/wp\/v2\/types\/page"}],"author":[{"embeddable":true,"href":"https:\/\/www.vintagevenue.nl\/en\/wp-json\/wp\/v2\/users\/1"}],"replies":[{"embeddable":true,"href":"https:\/\/www.vintagevenue.nl\/en\/wp-json\/wp\/v2\/comments?post=8"}],"version-history":[{"count":0,"href":"https:\/\/www.vintagevenue.nl\/en\/wp-json\/wp\/v2\/pages\/8\/revisions"}],"wp:attachment":[{"href":"https:\/\/www.vintagevenue.nl\/en\/wp-json\/wp\/v2\/media?parent=8"}],"curies":[{"name":"wp","href":"https:\/\/api.w.org\/{rel}","templated":true}]}}