{"id":1389,"date":"2022-04-25T09:24:32","date_gmt":"2022-04-25T07:24:32","guid":{"rendered":"https:\/\/www.vintagevenue.nl\/?post_type=product&#038;p=1389"},"modified":"2023-01-31T15:28:32","modified_gmt":"2023-01-31T14:28:32","slug":"vintage-mid-century-danish-dining-chair-model-71-by-niels-otto-moller-for-jl-mollers-mobelfabrik-1960s","status":"publish","type":"product","link":"https:\/\/www.vintagevenue.nl\/en\/product\/vintage-mid-century-danish-dining-chair-model-71-by-niels-otto-moller-for-jl-mollers-mobelfabrik-1960s\/","title":{"rendered":"Vintage design chair \/ office chair, Fristho 1960s"},"content":{"rendered":"","protected":false},"excerpt":{"rendered":"<p><strong>Dutch description:<\/strong><br \/>\nVintage retro office chair\/dining room chair in teak with skail leather seat by Fristho, from the 1960s. Almost identical to the Danish design chair model 71 by Niels Otto M\u00f8ller. The chair is in good condition and has minimal signs of use befitting its age. The dimensions are as follows:<\/p>\n<p>Width: 50 cm<br \/>\nHeight: 79.5 cm<br \/>\nSeat height: 45-43 cm<br \/>\nDepth: 52 cm<\/p>\n<p><strong>English description:<\/strong><br \/>\nMid century office chair \/ dining room chair in teak with leatherette seat by Fristho, from the 1960s. Almost identical to the Danish design chair model 71 by Niels Otto M\u00f8ller. The chair is in good condition and has minimal signs of use appropriate to its age. The dimensions are as follows:<\/p>\n<p>Width: 50 cm<br \/>\nHeight: 79.5 cm<br \/>\nHeight: 45-43 cm (seating)<br \/>\nDepth: 52 cm<\/p>","protected":false},"featured_media":1390,"template":"","meta":{"_et_pb_use_builder":"","_et_pb_old_content":"","_et_gb_content_width":""},"product_brand":[],"product_cat":[16,19],"product_tag":[148,207,47,144,65,80,388,81,108,227,147,48,43],"class_list":{"0":"post-1389","1":"product","2":"type-product","3":"status-publish","4":"has-post-thumbnail","6":"product_cat-alle-items","7":"product_cat-zitmeubilair","8":"product_tag-bureaustoel","9":"product_tag-chair","10":"product_tag-chairs","11":"product_tag-desk-chair","12":"product_tag-fristho","13":"product_tag-leather","14":"product_tag-leatherette","15":"product_tag-leer","16":"product_tag-niels-otto-moller","17":"product_tag-skaileer","18":"product_tag-stoel","19":"product_tag-stoelen","20":"product_tag-teak","22":"first","23":"outofstock","24":"shipping-taxable","25":"purchasable","26":"product-type-simple"},"yoast_head":"<!-- This site is optimized with the Yoast SEO plugin v27.5 - https:\/\/yoast.com\/product\/yoast-seo-wordpress\/ -->\n<title>Vintage design stoel \/ bureaustoel, Fristho jaren &#039;60 | Vintage Venue furniture<\/title>\n<meta name=\"description\" content=\"Vintage bureaustoel \/ eetkamerstoel in teak met skaileren zitting van Fristho, uit de jaren &#039;60. Bijna identiek aan de Deense design stoel model 71 van Niels Otto M\u00f8ller.\" \/>\n<meta name=\"robots\" content=\"index, follow, max-snippet:-1, max-image-preview:large, max-video-preview:-1\" \/>\n<link rel=\"canonical\" href=\"https:\/\/www.vintagevenue.nl\/en\/product\/vintage-mid-century-danish-dining-chair-model-71-by-niels-otto-moller-for-jl-mollers-mobelfabrik-1960s\/\" \/>\n<meta property=\"og:locale\" content=\"en_GB\" \/>\n<meta property=\"og:type\" content=\"article\" \/>\n<meta property=\"og:title\" content=\"Vintage design stoel \/ bureaustoel, Fristho jaren &#039;60 | Vintage Venue furniture\" \/>\n<meta property=\"og:description\" content=\"Vintage bureaustoel \/ eetkamerstoel in teak met skaileren zitting van Fristho, uit de jaren &#039;60. Bijna identiek aan de Deense design stoel model 71 van Niels Otto M\u00f8ller.\" \/>\n<meta property=\"og:url\" content=\"https:\/\/www.vintagevenue.nl\/en\/product\/vintage-mid-century-danish-dining-chair-model-71-by-niels-otto-moller-for-jl-mollers-mobelfabrik-1960s\/\" \/>\n<meta property=\"og:site_name\" content=\"Vintage Venue furniture\" \/>\n<meta property=\"article:modified_time\" content=\"2023-01-31T14:28:32+00:00\" \/>\n<meta property=\"og:image\" content=\"https:\/\/www.vintagevenue.nl\/wp-content\/uploads\/IMG_41712-scaled.jpg\" \/>\n\t<meta property=\"og:image:width\" content=\"2560\" \/>\n\t<meta property=\"og:image:height\" content=\"2560\" \/>\n\t<meta property=\"og:image:type\" content=\"image\/jpeg\" \/>\n<meta name=\"twitter:card\" content=\"summary_large_image\" \/>\n<script type=\"application\/ld+json\" class=\"yoast-schema-graph\">{\"@context\":\"https:\\\/\\\/schema.org\",\"@graph\":[{\"@type\":\"WebPage\",\"@id\":\"https:\\\/\\\/www.vintagevenue.nl\\\/product\\\/vintage-mid-century-danish-dining-chair-model-71-by-niels-otto-moller-for-jl-mollers-mobelfabrik-1960s\\\/\",\"url\":\"https:\\\/\\\/www.vintagevenue.nl\\\/product\\\/vintage-mid-century-danish-dining-chair-model-71-by-niels-otto-moller-for-jl-mollers-mobelfabrik-1960s\\\/\",\"name\":\"Vintage design stoel \\\/ bureaustoel, Fristho jaren '60 | Vintage Venue furniture\",\"isPartOf\":{\"@id\":\"https:\\\/\\\/www.vintagevenue.nl\\\/#website\"},\"primaryImageOfPage\":{\"@id\":\"https:\\\/\\\/www.vintagevenue.nl\\\/product\\\/vintage-mid-century-danish-dining-chair-model-71-by-niels-otto-moller-for-jl-mollers-mobelfabrik-1960s\\\/#primaryimage\"},\"image\":{\"@id\":\"https:\\\/\\\/www.vintagevenue.nl\\\/product\\\/vintage-mid-century-danish-dining-chair-model-71-by-niels-otto-moller-for-jl-mollers-mobelfabrik-1960s\\\/#primaryimage\"},\"thumbnailUrl\":\"https:\\\/\\\/www.vintagevenue.nl\\\/wp-content\\\/uploads\\\/IMG_41712-scaled.jpg\",\"datePublished\":\"2022-04-25T07:24:32+00:00\",\"dateModified\":\"2023-01-31T14:28:32+00:00\",\"description\":\"Vintage bureaustoel \\\/ eetkamerstoel in teak met skaileren zitting van Fristho, uit de jaren '60. Bijna identiek aan de Deense design stoel model 71 van Niels Otto M\u00f8ller.\",\"breadcrumb\":{\"@id\":\"https:\\\/\\\/www.vintagevenue.nl\\\/product\\\/vintage-mid-century-danish-dining-chair-model-71-by-niels-otto-moller-for-jl-mollers-mobelfabrik-1960s\\\/#breadcrumb\"},\"inLanguage\":\"en-GB\",\"potentialAction\":[{\"@type\":\"ReadAction\",\"target\":[\"https:\\\/\\\/www.vintagevenue.nl\\\/product\\\/vintage-mid-century-danish-dining-chair-model-71-by-niels-otto-moller-for-jl-mollers-mobelfabrik-1960s\\\/\"]}]},{\"@type\":\"ImageObject\",\"inLanguage\":\"en-GB\",\"@id\":\"https:\\\/\\\/www.vintagevenue.nl\\\/product\\\/vintage-mid-century-danish-dining-chair-model-71-by-niels-otto-moller-for-jl-mollers-mobelfabrik-1960s\\\/#primaryimage\",\"url\":\"https:\\\/\\\/www.vintagevenue.nl\\\/wp-content\\\/uploads\\\/IMG_41712-scaled.jpg\",\"contentUrl\":\"https:\\\/\\\/www.vintagevenue.nl\\\/wp-content\\\/uploads\\\/IMG_41712-scaled.jpg\",\"width\":2560,\"height\":2560,\"caption\":\"Vintage mid century Danish design dining chair model 71 in teak with leatherette seating, by Niels Otto M\u00f8ller for JL M\u00f8llers M\u00f8belfabrik, 1960s \\\/ Vintage retro Deense design eetkamerstoel model 71 in teak met skaileren zitting, ontwerp van Niels Otto M\u00f8ller, jaren 50 60\"},{\"@type\":\"BreadcrumbList\",\"@id\":\"https:\\\/\\\/www.vintagevenue.nl\\\/product\\\/vintage-mid-century-danish-dining-chair-model-71-by-niels-otto-moller-for-jl-mollers-mobelfabrik-1960s\\\/#breadcrumb\",\"itemListElement\":[{\"@type\":\"ListItem\",\"position\":1,\"name\":\"Home\",\"item\":\"https:\\\/\\\/www.vintagevenue.nl\\\/\"},{\"@type\":\"ListItem\",\"position\":2,\"name\":\"Shop\",\"item\":\"https:\\\/\\\/www.vintagevenue.nl\\\/shop\\\/\"},{\"@type\":\"ListItem\",\"position\":3,\"name\":\"Vintage design stoel \\\/ bureaustoel, Fristho jaren &#8217;60\"}]},{\"@type\":\"WebSite\",\"@id\":\"https:\\\/\\\/www.vintagevenue.nl\\\/#website\",\"url\":\"https:\\\/\\\/www.vintagevenue.nl\\\/\",\"name\":\"Vintage Venue furniture\",\"description\":\"\",\"publisher\":{\"@id\":\"https:\\\/\\\/www.vintagevenue.nl\\\/#organization\"},\"potentialAction\":[{\"@type\":\"SearchAction\",\"target\":{\"@type\":\"EntryPoint\",\"urlTemplate\":\"https:\\\/\\\/www.vintagevenue.nl\\\/?s={search_term_string}\"},\"query-input\":{\"@type\":\"PropertyValueSpecification\",\"valueRequired\":true,\"valueName\":\"search_term_string\"}}],\"inLanguage\":\"en-GB\"},{\"@type\":\"Organization\",\"@id\":\"https:\\\/\\\/www.vintagevenue.nl\\\/#organization\",\"name\":\"Vintage Venue furniture\",\"url\":\"https:\\\/\\\/www.vintagevenue.nl\\\/\",\"logo\":{\"@type\":\"ImageObject\",\"inLanguage\":\"en-GB\",\"@id\":\"https:\\\/\\\/www.vintagevenue.nl\\\/#\\\/schema\\\/logo\\\/image\\\/\",\"url\":\"https:\\\/\\\/www.vintagevenue.nl\\\/wp-content\\\/uploads\\\/Logo-VINTAGE-VENUE-furniture-2026-LIGGEND-met-grotere-afbeelding.jpg\",\"contentUrl\":\"https:\\\/\\\/www.vintagevenue.nl\\\/wp-content\\\/uploads\\\/Logo-VINTAGE-VENUE-furniture-2026-LIGGEND-met-grotere-afbeelding.jpg\",\"width\":2090,\"height\":445,\"caption\":\"Vintage Venue furniture\"},\"image\":{\"@id\":\"https:\\\/\\\/www.vintagevenue.nl\\\/#\\\/schema\\\/logo\\\/image\\\/\"},\"sameAs\":[\"https:\\\/\\\/www.instagram.com\\\/vintagevenuefurniture\\\/\"]}]}<\/script>\n<!-- \/ Yoast SEO plugin. -->","yoast_head_json":{"title":"Vintage design chair \/ office chair, Fristho 1960s | Vintage Venue furniture","description":"Vintage office chair\/dining room chair in teak with skileather seat by Fristho, from the 1960s. Almost identical to the Danish design chair model 71 by Niels Otto M\u00f8ller.","robots":{"index":"index","follow":"follow","max-snippet":"max-snippet:-1","max-image-preview":"max-image-preview:large","max-video-preview":"max-video-preview:-1"},"canonical":"https:\/\/www.vintagevenue.nl\/en\/product\/vintage-mid-century-danish-dining-chair-model-71-by-niels-otto-moller-for-jl-mollers-mobelfabrik-1960s\/","og_locale":"en_GB","og_type":"article","og_title":"Vintage design stoel \/ bureaustoel, Fristho jaren '60 | Vintage Venue furniture","og_description":"Vintage bureaustoel \/ eetkamerstoel in teak met skaileren zitting van Fristho, uit de jaren '60. Bijna identiek aan de Deense design stoel model 71 van Niels Otto M\u00f8ller.","og_url":"https:\/\/www.vintagevenue.nl\/en\/product\/vintage-mid-century-danish-dining-chair-model-71-by-niels-otto-moller-for-jl-mollers-mobelfabrik-1960s\/","og_site_name":"Vintage Venue furniture","article_modified_time":"2023-01-31T14:28:32+00:00","og_image":[{"width":2560,"height":2560,"url":"https:\/\/www.vintagevenue.nl\/wp-content\/uploads\/IMG_41712-scaled.jpg","type":"image\/jpeg"}],"twitter_card":"summary_large_image","schema":{"@context":"https:\/\/schema.org","@graph":[{"@type":"WebPage","@id":"https:\/\/www.vintagevenue.nl\/product\/vintage-mid-century-danish-dining-chair-model-71-by-niels-otto-moller-for-jl-mollers-mobelfabrik-1960s\/","url":"https:\/\/www.vintagevenue.nl\/product\/vintage-mid-century-danish-dining-chair-model-71-by-niels-otto-moller-for-jl-mollers-mobelfabrik-1960s\/","name":"Vintage design chair \/ office chair, Fristho 1960s | Vintage Venue furniture","isPartOf":{"@id":"https:\/\/www.vintagevenue.nl\/#website"},"primaryImageOfPage":{"@id":"https:\/\/www.vintagevenue.nl\/product\/vintage-mid-century-danish-dining-chair-model-71-by-niels-otto-moller-for-jl-mollers-mobelfabrik-1960s\/#primaryimage"},"image":{"@id":"https:\/\/www.vintagevenue.nl\/product\/vintage-mid-century-danish-dining-chair-model-71-by-niels-otto-moller-for-jl-mollers-mobelfabrik-1960s\/#primaryimage"},"thumbnailUrl":"https:\/\/www.vintagevenue.nl\/wp-content\/uploads\/IMG_41712-scaled.jpg","datePublished":"2022-04-25T07:24:32+00:00","dateModified":"2023-01-31T14:28:32+00:00","description":"Vintage office chair\/dining room chair in teak with skileather seat by Fristho, from the 1960s. Almost identical to the Danish design chair model 71 by Niels Otto M\u00f8ller.","breadcrumb":{"@id":"https:\/\/www.vintagevenue.nl\/product\/vintage-mid-century-danish-dining-chair-model-71-by-niels-otto-moller-for-jl-mollers-mobelfabrik-1960s\/#breadcrumb"},"inLanguage":"en-GB","potentialAction":[{"@type":"ReadAction","target":["https:\/\/www.vintagevenue.nl\/product\/vintage-mid-century-danish-dining-chair-model-71-by-niels-otto-moller-for-jl-mollers-mobelfabrik-1960s\/"]}]},{"@type":"ImageObject","inLanguage":"en-GB","@id":"https:\/\/www.vintagevenue.nl\/product\/vintage-mid-century-danish-dining-chair-model-71-by-niels-otto-moller-for-jl-mollers-mobelfabrik-1960s\/#primaryimage","url":"https:\/\/www.vintagevenue.nl\/wp-content\/uploads\/IMG_41712-scaled.jpg","contentUrl":"https:\/\/www.vintagevenue.nl\/wp-content\/uploads\/IMG_41712-scaled.jpg","width":2560,"height":2560,"caption":"Vintage mid century Danish design dining chair model 71 in teak with leatherette seating, by Niels Otto M\u00f8ller for JL M\u00f8llers M\u00f8belfabrik, 1960s \/ Vintage retro Deense design eetkamerstoel model 71 in teak met skaileren zitting, ontwerp van Niels Otto M\u00f8ller, jaren 50 60"},{"@type":"BreadcrumbList","@id":"https:\/\/www.vintagevenue.nl\/product\/vintage-mid-century-danish-dining-chair-model-71-by-niels-otto-moller-for-jl-mollers-mobelfabrik-1960s\/#breadcrumb","itemListElement":[{"@type":"ListItem","position":1,"name":"Home","item":"https:\/\/www.vintagevenue.nl\/"},{"@type":"ListItem","position":2,"name":"Shop","item":"https:\/\/www.vintagevenue.nl\/shop\/"},{"@type":"ListItem","position":3,"name":"Vintage design stoel \/ bureaustoel, Fristho jaren &#8217;60"}]},{"@type":"WebSite","@id":"https:\/\/www.vintagevenue.nl\/#website","url":"https:\/\/www.vintagevenue.nl\/","name":"Vintage Venue furniture","description":"","publisher":{"@id":"https:\/\/www.vintagevenue.nl\/#organization"},"potentialAction":[{"@type":"SearchAction","target":{"@type":"EntryPoint","urlTemplate":"https:\/\/www.vintagevenue.nl\/?s={search_term_string}"},"query-input":{"@type":"PropertyValueSpecification","valueRequired":true,"valueName":"search_term_string"}}],"inLanguage":"en-GB"},{"@type":"Organization","@id":"https:\/\/www.vintagevenue.nl\/#organization","name":"Vintage Venue furniture","url":"https:\/\/www.vintagevenue.nl\/","logo":{"@type":"ImageObject","inLanguage":"en-GB","@id":"https:\/\/www.vintagevenue.nl\/#\/schema\/logo\/image\/","url":"https:\/\/www.vintagevenue.nl\/wp-content\/uploads\/Logo-VINTAGE-VENUE-furniture-2026-LIGGEND-met-grotere-afbeelding.jpg","contentUrl":"https:\/\/www.vintagevenue.nl\/wp-content\/uploads\/Logo-VINTAGE-VENUE-furniture-2026-LIGGEND-met-grotere-afbeelding.jpg","width":2090,"height":445,"caption":"Vintage Venue furniture"},"image":{"@id":"https:\/\/www.vintagevenue.nl\/#\/schema\/logo\/image\/"},"sameAs":["https:\/\/www.instagram.com\/vintagevenuefurniture\/"]}]}},"_links":{"self":[{"href":"https:\/\/www.vintagevenue.nl\/en\/wp-json\/wp\/v2\/product\/1389","targetHints":{"allow":["GET"]}}],"collection":[{"href":"https:\/\/www.vintagevenue.nl\/en\/wp-json\/wp\/v2\/product"}],"about":[{"href":"https:\/\/www.vintagevenue.nl\/en\/wp-json\/wp\/v2\/types\/product"}],"wp:featuredmedia":[{"embeddable":true,"href":"https:\/\/www.vintagevenue.nl\/en\/wp-json\/wp\/v2\/media\/1390"}],"wp:attachment":[{"href":"https:\/\/www.vintagevenue.nl\/en\/wp-json\/wp\/v2\/media?parent=1389"}],"wp:term":[{"taxonomy":"product_brand","embeddable":true,"href":"https:\/\/www.vintagevenue.nl\/en\/wp-json\/wp\/v2\/product_brand?post=1389"},{"taxonomy":"product_cat","embeddable":true,"href":"https:\/\/www.vintagevenue.nl\/en\/wp-json\/wp\/v2\/product_cat?post=1389"},{"taxonomy":"product_tag","embeddable":true,"href":"https:\/\/www.vintagevenue.nl\/en\/wp-json\/wp\/v2\/product_tag?post=1389"}],"curies":[{"name":"wp","href":"https:\/\/api.w.org\/{rel}","templated":true}]}}