{"id":2086,"date":"2022-07-17T12:56:10","date_gmt":"2022-07-17T10:56:10","guid":{"rendered":"https:\/\/www.vintagevenue.nl\/?post_type=product&#038;p=2086"},"modified":"2023-12-14T13:31:51","modified_gmt":"2023-12-14T12:31:51","slug":"vintage-froscher-design-dressoir-in-wenge-jaren-60-70","status":"publish","type":"product","link":"https:\/\/www.vintagevenue.nl\/en\/product\/vintage-froscher-design-dresser-in-wenge-years-60-70\/","title":{"rendered":"Vintage Fr\u00f6scher design sideboard in wenge, 1960s - 1970s"},"content":{"rendered":"","protected":false},"excerpt":{"rendered":"<p><strong>Dutch description:<\/strong><br \/>\nVintage Fr\u00f6scher design sideboard in wenge with two sliding doors and metal base, from the 1960s\/70s. The sideboard cabinet is marked on the left front, is still in good condition and has only light traces of use appropriate to its age. The dimensions of the sideboard are as follows:<\/p>\n<p>Width: 120 cm<br \/>\nHeight: 68 cm<br \/>\nDepth: 43 cm<\/p>\n<p><strong>English description:<\/strong><br \/>\nMid century sideboard TV cabinet in Wenge with two sliding doors and metal frame, made in the 1960s - 1970s. The sideboard is marked on the left front side. It's still in good condition and has minor signs of use appropriate to its age. The dimensions are as follows:<\/p>\n<p>Width: 120 cm<br \/>\nHeight: 68 cm<br \/>\nDepth: 43 cm<\/p>","protected":false},"featured_media":2087,"template":"","meta":{"_et_pb_use_builder":"","_et_pb_old_content":"","_et_gb_content_width":""},"product_brand":[],"product_cat":[16,20],"product_tag":[84,36,100,35,38,340],"class_list":{"0":"post-2086","1":"product","2":"type-product","3":"status-publish","4":"has-post-thumbnail","6":"product_cat-alle-items","7":"product_cat-dressoirkasten","8":"product_tag-cabinet","9":"product_tag-dressoir","10":"product_tag-dressoirkast","11":"product_tag-sideboard","12":"product_tag-tv-meubel","13":"product_tag-wenge","15":"first","16":"outofstock","17":"shipping-taxable","18":"purchasable","19":"product-type-simple"},"yoast_head":"<!-- This site is optimized with the Yoast SEO plugin v27.4 - https:\/\/yoast.com\/product\/yoast-seo-wordpress\/ -->\n<title>Vintage Fr\u00f6scher design dressoir in weng\u00e9, jaren &#039;60 - &#039;70 | Vintage Venue furniture<\/title>\n<meta name=\"description\" content=\"Vintage Fr\u00f6scher design dressoir in weng\u00e9 met twee schuifdeuren en metalen onderstel, uit de jaren 60 \/ 70.\" \/>\n<meta name=\"robots\" content=\"index, follow, max-snippet:-1, max-image-preview:large, max-video-preview:-1\" \/>\n<link rel=\"canonical\" href=\"https:\/\/www.vintagevenue.nl\/en\/product\/vintage-froscher-design-dresser-in-wenge-years-60-70\/\" \/>\n<meta property=\"og:locale\" content=\"en_GB\" \/>\n<meta property=\"og:type\" content=\"article\" \/>\n<meta property=\"og:title\" content=\"Vintage Fr\u00f6scher design dressoir in weng\u00e9, jaren &#039;60 - &#039;70 | Vintage Venue furniture\" \/>\n<meta property=\"og:description\" content=\"Vintage Fr\u00f6scher design dressoir in weng\u00e9 met twee schuifdeuren en metalen onderstel, uit de jaren 60 \/ 70.\" \/>\n<meta property=\"og:url\" content=\"https:\/\/www.vintagevenue.nl\/en\/product\/vintage-froscher-design-dresser-in-wenge-years-60-70\/\" \/>\n<meta property=\"og:site_name\" content=\"Vintage Venue furniture\" \/>\n<meta property=\"article:modified_time\" content=\"2023-12-14T12:31:51+00:00\" \/>\n<meta property=\"og:image\" content=\"https:\/\/www.vintagevenue.nl\/wp-content\/uploads\/IMG_00012-1.jpg\" \/>\n\t<meta property=\"og:image:width\" content=\"2048\" \/>\n\t<meta property=\"og:image:height\" content=\"2048\" \/>\n\t<meta property=\"og:image:type\" content=\"image\/jpeg\" \/>\n<meta name=\"twitter:card\" content=\"summary_large_image\" \/>\n<script type=\"application\/ld+json\" class=\"yoast-schema-graph\">{\"@context\":\"https:\\\/\\\/schema.org\",\"@graph\":[{\"@type\":\"WebPage\",\"@id\":\"https:\\\/\\\/www.vintagevenue.nl\\\/product\\\/vintage-froscher-design-dressoir-in-wenge-jaren-60-70\\\/\",\"url\":\"https:\\\/\\\/www.vintagevenue.nl\\\/product\\\/vintage-froscher-design-dressoir-in-wenge-jaren-60-70\\\/\",\"name\":\"Vintage Fr\u00f6scher design dressoir in weng\u00e9, jaren '60 - '70 | Vintage Venue furniture\",\"isPartOf\":{\"@id\":\"https:\\\/\\\/www.vintagevenue.nl\\\/#website\"},\"primaryImageOfPage\":{\"@id\":\"https:\\\/\\\/www.vintagevenue.nl\\\/product\\\/vintage-froscher-design-dressoir-in-wenge-jaren-60-70\\\/#primaryimage\"},\"image\":{\"@id\":\"https:\\\/\\\/www.vintagevenue.nl\\\/product\\\/vintage-froscher-design-dressoir-in-wenge-jaren-60-70\\\/#primaryimage\"},\"thumbnailUrl\":\"https:\\\/\\\/www.vintagevenue.nl\\\/wp-content\\\/uploads\\\/IMG_00012-1.jpg\",\"datePublished\":\"2022-07-17T10:56:10+00:00\",\"dateModified\":\"2023-12-14T12:31:51+00:00\",\"description\":\"Vintage Fr\u00f6scher design dressoir in weng\u00e9 met twee schuifdeuren en metalen onderstel, uit de jaren 60 \\\/ 70.\",\"breadcrumb\":{\"@id\":\"https:\\\/\\\/www.vintagevenue.nl\\\/product\\\/vintage-froscher-design-dressoir-in-wenge-jaren-60-70\\\/#breadcrumb\"},\"inLanguage\":\"en-GB\",\"potentialAction\":[{\"@type\":\"ReadAction\",\"target\":[\"https:\\\/\\\/www.vintagevenue.nl\\\/product\\\/vintage-froscher-design-dressoir-in-wenge-jaren-60-70\\\/\"]}]},{\"@type\":\"ImageObject\",\"inLanguage\":\"en-GB\",\"@id\":\"https:\\\/\\\/www.vintagevenue.nl\\\/product\\\/vintage-froscher-design-dressoir-in-wenge-jaren-60-70\\\/#primaryimage\",\"url\":\"https:\\\/\\\/www.vintagevenue.nl\\\/wp-content\\\/uploads\\\/IMG_00012-1.jpg\",\"contentUrl\":\"https:\\\/\\\/www.vintagevenue.nl\\\/wp-content\\\/uploads\\\/IMG_00012-1.jpg\",\"width\":2048,\"height\":2048,\"caption\":\"Vintage Fr\u00f6scher design dressoir in weng\u00e9, jaren '60 \\\/ '70\"},{\"@type\":\"BreadcrumbList\",\"@id\":\"https:\\\/\\\/www.vintagevenue.nl\\\/product\\\/vintage-froscher-design-dressoir-in-wenge-jaren-60-70\\\/#breadcrumb\",\"itemListElement\":[{\"@type\":\"ListItem\",\"position\":1,\"name\":\"Home\",\"item\":\"https:\\\/\\\/www.vintagevenue.nl\\\/\"},{\"@type\":\"ListItem\",\"position\":2,\"name\":\"Shop\",\"item\":\"https:\\\/\\\/www.vintagevenue.nl\\\/shop\\\/\"},{\"@type\":\"ListItem\",\"position\":3,\"name\":\"Vintage Fr\u00f6scher design dressoir in weng\u00e9, jaren &#8217;60 &#8211; &#8217;70\"}]},{\"@type\":\"WebSite\",\"@id\":\"https:\\\/\\\/www.vintagevenue.nl\\\/#website\",\"url\":\"https:\\\/\\\/www.vintagevenue.nl\\\/\",\"name\":\"Vintage Venue furniture\",\"description\":\"\",\"publisher\":{\"@id\":\"https:\\\/\\\/www.vintagevenue.nl\\\/#organization\"},\"potentialAction\":[{\"@type\":\"SearchAction\",\"target\":{\"@type\":\"EntryPoint\",\"urlTemplate\":\"https:\\\/\\\/www.vintagevenue.nl\\\/?s={search_term_string}\"},\"query-input\":{\"@type\":\"PropertyValueSpecification\",\"valueRequired\":true,\"valueName\":\"search_term_string\"}}],\"inLanguage\":\"en-GB\"},{\"@type\":\"Organization\",\"@id\":\"https:\\\/\\\/www.vintagevenue.nl\\\/#organization\",\"name\":\"Vintage Venue furniture\",\"url\":\"https:\\\/\\\/www.vintagevenue.nl\\\/\",\"logo\":{\"@type\":\"ImageObject\",\"inLanguage\":\"en-GB\",\"@id\":\"https:\\\/\\\/www.vintagevenue.nl\\\/#\\\/schema\\\/logo\\\/image\\\/\",\"url\":\"https:\\\/\\\/www.vintagevenue.nl\\\/wp-content\\\/uploads\\\/Logo-VINTAGE-VENUE-furniture-2026-LIGGEND-met-grotere-afbeelding.jpg\",\"contentUrl\":\"https:\\\/\\\/www.vintagevenue.nl\\\/wp-content\\\/uploads\\\/Logo-VINTAGE-VENUE-furniture-2026-LIGGEND-met-grotere-afbeelding.jpg\",\"width\":2090,\"height\":445,\"caption\":\"Vintage Venue furniture\"},\"image\":{\"@id\":\"https:\\\/\\\/www.vintagevenue.nl\\\/#\\\/schema\\\/logo\\\/image\\\/\"},\"sameAs\":[\"https:\\\/\\\/www.instagram.com\\\/vintagevenuefurniture\\\/\"]}]}<\/script>\n<!-- \/ Yoast SEO plugin. -->","yoast_head_json":{"title":"Vintage Fr\u00f6scher design sideboard in wenge, 1960s - 1970s | Vintage Venue furniture","description":"Vintage Fr\u00f6scher design sideboard in wenge with two sliding doors and metal base, from the 1960s\/70s.","robots":{"index":"index","follow":"follow","max-snippet":"max-snippet:-1","max-image-preview":"max-image-preview:large","max-video-preview":"max-video-preview:-1"},"canonical":"https:\/\/www.vintagevenue.nl\/en\/product\/vintage-froscher-design-dresser-in-wenge-years-60-70\/","og_locale":"en_GB","og_type":"article","og_title":"Vintage Fr\u00f6scher design dressoir in weng\u00e9, jaren '60 - '70 | Vintage Venue furniture","og_description":"Vintage Fr\u00f6scher design dressoir in weng\u00e9 met twee schuifdeuren en metalen onderstel, uit de jaren 60 \/ 70.","og_url":"https:\/\/www.vintagevenue.nl\/en\/product\/vintage-froscher-design-dresser-in-wenge-years-60-70\/","og_site_name":"Vintage Venue furniture","article_modified_time":"2023-12-14T12:31:51+00:00","og_image":[{"width":2048,"height":2048,"url":"https:\/\/www.vintagevenue.nl\/wp-content\/uploads\/IMG_00012-1.jpg","type":"image\/jpeg"}],"twitter_card":"summary_large_image","schema":{"@context":"https:\/\/schema.org","@graph":[{"@type":"WebPage","@id":"https:\/\/www.vintagevenue.nl\/product\/vintage-froscher-design-dressoir-in-wenge-jaren-60-70\/","url":"https:\/\/www.vintagevenue.nl\/product\/vintage-froscher-design-dressoir-in-wenge-jaren-60-70\/","name":"Vintage Fr\u00f6scher design sideboard in wenge, 1960s - 1970s | Vintage Venue furniture","isPartOf":{"@id":"https:\/\/www.vintagevenue.nl\/#website"},"primaryImageOfPage":{"@id":"https:\/\/www.vintagevenue.nl\/product\/vintage-froscher-design-dressoir-in-wenge-jaren-60-70\/#primaryimage"},"image":{"@id":"https:\/\/www.vintagevenue.nl\/product\/vintage-froscher-design-dressoir-in-wenge-jaren-60-70\/#primaryimage"},"thumbnailUrl":"https:\/\/www.vintagevenue.nl\/wp-content\/uploads\/IMG_00012-1.jpg","datePublished":"2022-07-17T10:56:10+00:00","dateModified":"2023-12-14T12:31:51+00:00","description":"Vintage Fr\u00f6scher design sideboard in wenge with two sliding doors and metal base, from the 1960s\/70s.","breadcrumb":{"@id":"https:\/\/www.vintagevenue.nl\/product\/vintage-froscher-design-dressoir-in-wenge-jaren-60-70\/#breadcrumb"},"inLanguage":"en-GB","potentialAction":[{"@type":"ReadAction","target":["https:\/\/www.vintagevenue.nl\/product\/vintage-froscher-design-dressoir-in-wenge-jaren-60-70\/"]}]},{"@type":"ImageObject","inLanguage":"en-GB","@id":"https:\/\/www.vintagevenue.nl\/product\/vintage-froscher-design-dressoir-in-wenge-jaren-60-70\/#primaryimage","url":"https:\/\/www.vintagevenue.nl\/wp-content\/uploads\/IMG_00012-1.jpg","contentUrl":"https:\/\/www.vintagevenue.nl\/wp-content\/uploads\/IMG_00012-1.jpg","width":2048,"height":2048,"caption":"Vintage Fr\u00f6scher design dressoir in weng\u00e9, jaren '60 \/ '70"},{"@type":"BreadcrumbList","@id":"https:\/\/www.vintagevenue.nl\/product\/vintage-froscher-design-dressoir-in-wenge-jaren-60-70\/#breadcrumb","itemListElement":[{"@type":"ListItem","position":1,"name":"Home","item":"https:\/\/www.vintagevenue.nl\/"},{"@type":"ListItem","position":2,"name":"Shop","item":"https:\/\/www.vintagevenue.nl\/shop\/"},{"@type":"ListItem","position":3,"name":"Vintage Fr\u00f6scher design dressoir in weng\u00e9, jaren &#8217;60 &#8211; &#8217;70"}]},{"@type":"WebSite","@id":"https:\/\/www.vintagevenue.nl\/#website","url":"https:\/\/www.vintagevenue.nl\/","name":"Vintage Venue furniture","description":"","publisher":{"@id":"https:\/\/www.vintagevenue.nl\/#organization"},"potentialAction":[{"@type":"SearchAction","target":{"@type":"EntryPoint","urlTemplate":"https:\/\/www.vintagevenue.nl\/?s={search_term_string}"},"query-input":{"@type":"PropertyValueSpecification","valueRequired":true,"valueName":"search_term_string"}}],"inLanguage":"en-GB"},{"@type":"Organization","@id":"https:\/\/www.vintagevenue.nl\/#organization","name":"Vintage Venue furniture","url":"https:\/\/www.vintagevenue.nl\/","logo":{"@type":"ImageObject","inLanguage":"en-GB","@id":"https:\/\/www.vintagevenue.nl\/#\/schema\/logo\/image\/","url":"https:\/\/www.vintagevenue.nl\/wp-content\/uploads\/Logo-VINTAGE-VENUE-furniture-2026-LIGGEND-met-grotere-afbeelding.jpg","contentUrl":"https:\/\/www.vintagevenue.nl\/wp-content\/uploads\/Logo-VINTAGE-VENUE-furniture-2026-LIGGEND-met-grotere-afbeelding.jpg","width":2090,"height":445,"caption":"Vintage Venue furniture"},"image":{"@id":"https:\/\/www.vintagevenue.nl\/#\/schema\/logo\/image\/"},"sameAs":["https:\/\/www.instagram.com\/vintagevenuefurniture\/"]}]}},"_links":{"self":[{"href":"https:\/\/www.vintagevenue.nl\/en\/wp-json\/wp\/v2\/product\/2086","targetHints":{"allow":["GET"]}}],"collection":[{"href":"https:\/\/www.vintagevenue.nl\/en\/wp-json\/wp\/v2\/product"}],"about":[{"href":"https:\/\/www.vintagevenue.nl\/en\/wp-json\/wp\/v2\/types\/product"}],"wp:featuredmedia":[{"embeddable":true,"href":"https:\/\/www.vintagevenue.nl\/en\/wp-json\/wp\/v2\/media\/2087"}],"wp:attachment":[{"href":"https:\/\/www.vintagevenue.nl\/en\/wp-json\/wp\/v2\/media?parent=2086"}],"wp:term":[{"taxonomy":"product_brand","embeddable":true,"href":"https:\/\/www.vintagevenue.nl\/en\/wp-json\/wp\/v2\/product_brand?post=2086"},{"taxonomy":"product_cat","embeddable":true,"href":"https:\/\/www.vintagevenue.nl\/en\/wp-json\/wp\/v2\/product_cat?post=2086"},{"taxonomy":"product_tag","embeddable":true,"href":"https:\/\/www.vintagevenue.nl\/en\/wp-json\/wp\/v2\/product_tag?post=2086"}],"curies":[{"name":"wp","href":"https:\/\/api.w.org\/{rel}","templated":true}]}}