{"id":2471,"date":"2022-11-08T04:21:34","date_gmt":"2022-11-08T03:21:34","guid":{"rendered":"https:\/\/www.vintagevenue.nl\/?post_type=product&#038;p=2471"},"modified":"2023-01-23T12:46:35","modified_gmt":"2023-01-23T11:46:35","slug":"vintage-extendable-dining-table-in-teak-by-louis-van-teeffelen-for-webe","status":"publish","type":"product","link":"https:\/\/www.vintagevenue.nl\/en\/product\/vintage-extendable-dining-table-in-teak-by-louis-van-teeffelen-for-webe\/","title":{"rendered":"Extendable teak dining table by Louis van Teeffelen, W\u00e9b\u00e9"},"content":{"rendered":"","protected":false},"excerpt":{"rendered":"<p><strong>Dutch description:<\/strong><br \/>\nVintage extendable dining table in teak, design by Louis van Teeffelen for W\u00e9b\u00e9, 1960s. The table is in good condition and has light traces of use befitting its age. The dimensions are as follows:<\/p>\n<p>Width: 169 cm<br \/>\nHeight: 75.5 cm<br \/>\nDepth: 80 cm<\/p>\n<p><strong>English description:<\/strong><br \/>\nMid century extendable dining table in teak, design by Louis van Teeffelen for W\u00e9b\u00e9, 1960s. The table is in good condition and has signs of use appropriate with its age. The dimensions are as follows:<\/p>\n<p>Width: 169 cm<br \/>\nHeight: 75.5 cm<br \/>\nDepth: 80 cm<\/p>","protected":false},"featured_media":2472,"template":"","meta":{"_et_pb_use_builder":"","_et_pb_old_content":"","_et_gb_content_width":""},"product_brand":[],"product_cat":[16,21],"product_tag":[104,111,56,105,112,43,57],"class_list":{"0":"post-2471","1":"product","2":"type-product","3":"status-publish","4":"has-post-thumbnail","6":"product_cat-alle-items","7":"product_cat-tafels","8":"product_tag-dining-table","9":"product_tag-eettafel","10":"product_tag-louis-van-teeffelen","11":"product_tag-table","12":"product_tag-tafel","13":"product_tag-teak","14":"product_tag-webe","16":"first","17":"outofstock","18":"shipping-taxable","19":"purchasable","20":"product-type-simple"},"yoast_head":"<!-- This site is optimized with the Yoast SEO plugin v27.3 - https:\/\/yoast.com\/product\/yoast-seo-wordpress\/ -->\n<title>Verlengbare teak eettafel van Louis van Teeffelen, W\u00e9b\u00e9 | Vintage Venue furniture<\/title>\n<meta name=\"description\" content=\"Vintage verlengbare design eettafel in teak van Louis van Teeffelen voor W\u00e9b\u00e9, jaren &#039;60.\" \/>\n<meta name=\"robots\" content=\"index, follow, max-snippet:-1, max-image-preview:large, max-video-preview:-1\" \/>\n<link rel=\"canonical\" href=\"https:\/\/www.vintagevenue.nl\/en\/product\/vintage-extendable-dining-table-in-teak-by-louis-van-teeffelen-for-webe\/\" \/>\n<meta property=\"og:locale\" content=\"en_GB\" \/>\n<meta property=\"og:type\" content=\"article\" \/>\n<meta property=\"og:title\" content=\"Verlengbare teak eettafel van Louis van Teeffelen, W\u00e9b\u00e9 | Vintage Venue furniture\" \/>\n<meta property=\"og:description\" content=\"Vintage verlengbare design eettafel in teak van Louis van Teeffelen voor W\u00e9b\u00e9, jaren &#039;60.\" \/>\n<meta property=\"og:url\" content=\"https:\/\/www.vintagevenue.nl\/en\/product\/vintage-extendable-dining-table-in-teak-by-louis-van-teeffelen-for-webe\/\" \/>\n<meta property=\"og:site_name\" content=\"Vintage Venue furniture\" \/>\n<meta property=\"article:modified_time\" content=\"2023-01-23T11:46:35+00:00\" \/>\n<meta property=\"og:image\" content=\"https:\/\/www.vintagevenue.nl\/wp-content\/uploads\/IMG_59812.jpg\" \/>\n\t<meta property=\"og:image:width\" content=\"1500\" \/>\n\t<meta property=\"og:image:height\" content=\"1500\" \/>\n\t<meta property=\"og:image:type\" content=\"image\/jpeg\" \/>\n<meta name=\"twitter:card\" content=\"summary_large_image\" \/>\n<script type=\"application\/ld+json\" class=\"yoast-schema-graph\">{\"@context\":\"https:\\\/\\\/schema.org\",\"@graph\":[{\"@type\":\"WebPage\",\"@id\":\"https:\\\/\\\/www.vintagevenue.nl\\\/product\\\/vintage-extendable-dining-table-in-teak-by-louis-van-teeffelen-for-webe\\\/\",\"url\":\"https:\\\/\\\/www.vintagevenue.nl\\\/product\\\/vintage-extendable-dining-table-in-teak-by-louis-van-teeffelen-for-webe\\\/\",\"name\":\"Verlengbare teak eettafel van Louis van Teeffelen, W\u00e9b\u00e9 | Vintage Venue furniture\",\"isPartOf\":{\"@id\":\"https:\\\/\\\/www.vintagevenue.nl\\\/#website\"},\"primaryImageOfPage\":{\"@id\":\"https:\\\/\\\/www.vintagevenue.nl\\\/product\\\/vintage-extendable-dining-table-in-teak-by-louis-van-teeffelen-for-webe\\\/#primaryimage\"},\"image\":{\"@id\":\"https:\\\/\\\/www.vintagevenue.nl\\\/product\\\/vintage-extendable-dining-table-in-teak-by-louis-van-teeffelen-for-webe\\\/#primaryimage\"},\"thumbnailUrl\":\"https:\\\/\\\/www.vintagevenue.nl\\\/wp-content\\\/uploads\\\/IMG_59812.jpg\",\"datePublished\":\"2022-11-08T03:21:34+00:00\",\"dateModified\":\"2023-01-23T11:46:35+00:00\",\"description\":\"Vintage verlengbare design eettafel in teak van Louis van Teeffelen voor W\u00e9b\u00e9, jaren '60.\",\"breadcrumb\":{\"@id\":\"https:\\\/\\\/www.vintagevenue.nl\\\/product\\\/vintage-extendable-dining-table-in-teak-by-louis-van-teeffelen-for-webe\\\/#breadcrumb\"},\"inLanguage\":\"en-GB\",\"potentialAction\":[{\"@type\":\"ReadAction\",\"target\":[\"https:\\\/\\\/www.vintagevenue.nl\\\/product\\\/vintage-extendable-dining-table-in-teak-by-louis-van-teeffelen-for-webe\\\/\"]}]},{\"@type\":\"ImageObject\",\"inLanguage\":\"en-GB\",\"@id\":\"https:\\\/\\\/www.vintagevenue.nl\\\/product\\\/vintage-extendable-dining-table-in-teak-by-louis-van-teeffelen-for-webe\\\/#primaryimage\",\"url\":\"https:\\\/\\\/www.vintagevenue.nl\\\/wp-content\\\/uploads\\\/IMG_59812.jpg\",\"contentUrl\":\"https:\\\/\\\/www.vintagevenue.nl\\\/wp-content\\\/uploads\\\/IMG_59812.jpg\",\"width\":1500,\"height\":1500,\"caption\":\"Vintage verlengbare design eettafel in teak van Louis van Teeffelen voor W\u00e9b\u00e9, jaren '60 \\\/ Vintage extendable dining table in teak by Louis van Teeffelen for W\u00e9b\u00e9\"},{\"@type\":\"BreadcrumbList\",\"@id\":\"https:\\\/\\\/www.vintagevenue.nl\\\/product\\\/vintage-extendable-dining-table-in-teak-by-louis-van-teeffelen-for-webe\\\/#breadcrumb\",\"itemListElement\":[{\"@type\":\"ListItem\",\"position\":1,\"name\":\"Home\",\"item\":\"https:\\\/\\\/www.vintagevenue.nl\\\/\"},{\"@type\":\"ListItem\",\"position\":2,\"name\":\"Shop\",\"item\":\"https:\\\/\\\/www.vintagevenue.nl\\\/shop\\\/\"},{\"@type\":\"ListItem\",\"position\":3,\"name\":\"Verlengbare teak eettafel van Louis van Teeffelen, W\u00e9b\u00e9\"}]},{\"@type\":\"WebSite\",\"@id\":\"https:\\\/\\\/www.vintagevenue.nl\\\/#website\",\"url\":\"https:\\\/\\\/www.vintagevenue.nl\\\/\",\"name\":\"Vintage Venue furniture\",\"description\":\"\",\"publisher\":{\"@id\":\"https:\\\/\\\/www.vintagevenue.nl\\\/#organization\"},\"potentialAction\":[{\"@type\":\"SearchAction\",\"target\":{\"@type\":\"EntryPoint\",\"urlTemplate\":\"https:\\\/\\\/www.vintagevenue.nl\\\/?s={search_term_string}\"},\"query-input\":{\"@type\":\"PropertyValueSpecification\",\"valueRequired\":true,\"valueName\":\"search_term_string\"}}],\"inLanguage\":\"en-GB\"},{\"@type\":\"Organization\",\"@id\":\"https:\\\/\\\/www.vintagevenue.nl\\\/#organization\",\"name\":\"Vintage Venue furniture\",\"url\":\"https:\\\/\\\/www.vintagevenue.nl\\\/\",\"logo\":{\"@type\":\"ImageObject\",\"inLanguage\":\"en-GB\",\"@id\":\"https:\\\/\\\/www.vintagevenue.nl\\\/#\\\/schema\\\/logo\\\/image\\\/\",\"url\":\"https:\\\/\\\/www.vintagevenue.nl\\\/wp-content\\\/uploads\\\/Logo-VINTAGE-VENUE-furniture-2026-LIGGEND-met-grotere-afbeelding.jpg\",\"contentUrl\":\"https:\\\/\\\/www.vintagevenue.nl\\\/wp-content\\\/uploads\\\/Logo-VINTAGE-VENUE-furniture-2026-LIGGEND-met-grotere-afbeelding.jpg\",\"width\":2090,\"height\":445,\"caption\":\"Vintage Venue furniture\"},\"image\":{\"@id\":\"https:\\\/\\\/www.vintagevenue.nl\\\/#\\\/schema\\\/logo\\\/image\\\/\"},\"sameAs\":[\"https:\\\/\\\/www.instagram.com\\\/vintagevenuefurniture\\\/\"]}]}<\/script>\n<!-- \/ Yoast SEO plugin. -->","yoast_head_json":{"title":"Extendable teak dining table by Louis van Teeffelen, W\u00e9b\u00e9 | Vintage Venue furniture","description":"Vintage extendable designer dining table in teak by Louis van Teeffelen for W\u00e9b\u00e9, 1960s.","robots":{"index":"index","follow":"follow","max-snippet":"max-snippet:-1","max-image-preview":"max-image-preview:large","max-video-preview":"max-video-preview:-1"},"canonical":"https:\/\/www.vintagevenue.nl\/en\/product\/vintage-extendable-dining-table-in-teak-by-louis-van-teeffelen-for-webe\/","og_locale":"en_GB","og_type":"article","og_title":"Verlengbare teak eettafel van Louis van Teeffelen, W\u00e9b\u00e9 | Vintage Venue furniture","og_description":"Vintage verlengbare design eettafel in teak van Louis van Teeffelen voor W\u00e9b\u00e9, jaren '60.","og_url":"https:\/\/www.vintagevenue.nl\/en\/product\/vintage-extendable-dining-table-in-teak-by-louis-van-teeffelen-for-webe\/","og_site_name":"Vintage Venue furniture","article_modified_time":"2023-01-23T11:46:35+00:00","og_image":[{"width":1500,"height":1500,"url":"https:\/\/www.vintagevenue.nl\/wp-content\/uploads\/IMG_59812.jpg","type":"image\/jpeg"}],"twitter_card":"summary_large_image","schema":{"@context":"https:\/\/schema.org","@graph":[{"@type":"WebPage","@id":"https:\/\/www.vintagevenue.nl\/product\/vintage-extendable-dining-table-in-teak-by-louis-van-teeffelen-for-webe\/","url":"https:\/\/www.vintagevenue.nl\/product\/vintage-extendable-dining-table-in-teak-by-louis-van-teeffelen-for-webe\/","name":"Extendable teak dining table by Louis van Teeffelen, W\u00e9b\u00e9 | Vintage Venue furniture","isPartOf":{"@id":"https:\/\/www.vintagevenue.nl\/#website"},"primaryImageOfPage":{"@id":"https:\/\/www.vintagevenue.nl\/product\/vintage-extendable-dining-table-in-teak-by-louis-van-teeffelen-for-webe\/#primaryimage"},"image":{"@id":"https:\/\/www.vintagevenue.nl\/product\/vintage-extendable-dining-table-in-teak-by-louis-van-teeffelen-for-webe\/#primaryimage"},"thumbnailUrl":"https:\/\/www.vintagevenue.nl\/wp-content\/uploads\/IMG_59812.jpg","datePublished":"2022-11-08T03:21:34+00:00","dateModified":"2023-01-23T11:46:35+00:00","description":"Vintage extendable designer dining table in teak by Louis van Teeffelen for W\u00e9b\u00e9, 1960s.","breadcrumb":{"@id":"https:\/\/www.vintagevenue.nl\/product\/vintage-extendable-dining-table-in-teak-by-louis-van-teeffelen-for-webe\/#breadcrumb"},"inLanguage":"en-GB","potentialAction":[{"@type":"ReadAction","target":["https:\/\/www.vintagevenue.nl\/product\/vintage-extendable-dining-table-in-teak-by-louis-van-teeffelen-for-webe\/"]}]},{"@type":"ImageObject","inLanguage":"en-GB","@id":"https:\/\/www.vintagevenue.nl\/product\/vintage-extendable-dining-table-in-teak-by-louis-van-teeffelen-for-webe\/#primaryimage","url":"https:\/\/www.vintagevenue.nl\/wp-content\/uploads\/IMG_59812.jpg","contentUrl":"https:\/\/www.vintagevenue.nl\/wp-content\/uploads\/IMG_59812.jpg","width":1500,"height":1500,"caption":"Vintage verlengbare design eettafel in teak van Louis van Teeffelen voor W\u00e9b\u00e9, jaren '60 \/ Vintage extendable dining table in teak by Louis van Teeffelen for W\u00e9b\u00e9"},{"@type":"BreadcrumbList","@id":"https:\/\/www.vintagevenue.nl\/product\/vintage-extendable-dining-table-in-teak-by-louis-van-teeffelen-for-webe\/#breadcrumb","itemListElement":[{"@type":"ListItem","position":1,"name":"Home","item":"https:\/\/www.vintagevenue.nl\/"},{"@type":"ListItem","position":2,"name":"Shop","item":"https:\/\/www.vintagevenue.nl\/shop\/"},{"@type":"ListItem","position":3,"name":"Verlengbare teak eettafel van Louis van Teeffelen, W\u00e9b\u00e9"}]},{"@type":"WebSite","@id":"https:\/\/www.vintagevenue.nl\/#website","url":"https:\/\/www.vintagevenue.nl\/","name":"Vintage Venue furniture","description":"","publisher":{"@id":"https:\/\/www.vintagevenue.nl\/#organization"},"potentialAction":[{"@type":"SearchAction","target":{"@type":"EntryPoint","urlTemplate":"https:\/\/www.vintagevenue.nl\/?s={search_term_string}"},"query-input":{"@type":"PropertyValueSpecification","valueRequired":true,"valueName":"search_term_string"}}],"inLanguage":"en-GB"},{"@type":"Organization","@id":"https:\/\/www.vintagevenue.nl\/#organization","name":"Vintage Venue furniture","url":"https:\/\/www.vintagevenue.nl\/","logo":{"@type":"ImageObject","inLanguage":"en-GB","@id":"https:\/\/www.vintagevenue.nl\/#\/schema\/logo\/image\/","url":"https:\/\/www.vintagevenue.nl\/wp-content\/uploads\/Logo-VINTAGE-VENUE-furniture-2026-LIGGEND-met-grotere-afbeelding.jpg","contentUrl":"https:\/\/www.vintagevenue.nl\/wp-content\/uploads\/Logo-VINTAGE-VENUE-furniture-2026-LIGGEND-met-grotere-afbeelding.jpg","width":2090,"height":445,"caption":"Vintage Venue furniture"},"image":{"@id":"https:\/\/www.vintagevenue.nl\/#\/schema\/logo\/image\/"},"sameAs":["https:\/\/www.instagram.com\/vintagevenuefurniture\/"]}]}},"_links":{"self":[{"href":"https:\/\/www.vintagevenue.nl\/en\/wp-json\/wp\/v2\/product\/2471","targetHints":{"allow":["GET"]}}],"collection":[{"href":"https:\/\/www.vintagevenue.nl\/en\/wp-json\/wp\/v2\/product"}],"about":[{"href":"https:\/\/www.vintagevenue.nl\/en\/wp-json\/wp\/v2\/types\/product"}],"wp:featuredmedia":[{"embeddable":true,"href":"https:\/\/www.vintagevenue.nl\/en\/wp-json\/wp\/v2\/media\/2472"}],"wp:attachment":[{"href":"https:\/\/www.vintagevenue.nl\/en\/wp-json\/wp\/v2\/media?parent=2471"}],"wp:term":[{"taxonomy":"product_brand","embeddable":true,"href":"https:\/\/www.vintagevenue.nl\/en\/wp-json\/wp\/v2\/product_brand?post=2471"},{"taxonomy":"product_cat","embeddable":true,"href":"https:\/\/www.vintagevenue.nl\/en\/wp-json\/wp\/v2\/product_cat?post=2471"},{"taxonomy":"product_tag","embeddable":true,"href":"https:\/\/www.vintagevenue.nl\/en\/wp-json\/wp\/v2\/product_tag?post=2471"}],"curies":[{"name":"wp","href":"https:\/\/api.w.org\/{rel}","templated":true}]}}