{"id":304,"date":"2021-08-09T18:23:24","date_gmt":"2021-08-09T16:23:24","guid":{"rendered":"https:\/\/www.vintagevenue.nl\/?post_type=product&#038;p=304"},"modified":"2026-04-03T19:43:06","modified_gmt":"2026-04-03T17:43:06","slug":"wall-unit-wandsysteem-by-louis-van-teeffelen-webe","status":"publish","type":"product","link":"https:\/\/www.vintagevenue.nl\/en\/product\/wall-unit-wall-system-by-louis-van-teeffelen-webe\/","title":{"rendered":"Wall Unit wall system in teak by Louis van Teeffelen, W\u00e9b\u00e9"},"content":{"rendered":"","protected":false},"excerpt":{"rendered":"<p>Vintage wall unit wall system in teak, design by Louis van Teeffelen for W\u00e9b\u00e9 - 1960s.<\/p>\n<p>Width: 259 cm<br \/>\nWidth: 81 cm (table top)<br \/>\nHeight: 199 cm<br \/>\nHeight: 73 cm (table top)<br \/>\nDepth: 40.5 cm (at 2 drawers)<br \/>\nDepth: 32 cm (2 large shelves)<br \/>\nDepth: 22 cm (6 smaller shelves)<br \/>\nDepth: 33 cm (bottom secretaire flap cabinet at top)<br \/>\nDepth: 68 cm (with flap unit open)<br \/>\nDepth: 123 cm (table unfolded)<\/p>","protected":false},"featured_media":305,"template":"","meta":{"_et_pb_use_builder":"","_et_pb_old_content":"","_et_gb_content_width":""},"product_brand":[],"product_cat":[16,20,23],"product_tag":[117,118,44,46,104,111,56,105,112,43,301,54,41,187,55],"class_list":{"0":"post-304","1":"product","2":"type-product","3":"status-publish","4":"has-post-thumbnail","6":"product_cat-alle-items","7":"product_cat-dressoirkasten","8":"product_cat-wandsystemen","9":"product_tag-boekenkast","10":"product_tag-bookcase","11":"product_tag-bureau","12":"product_tag-desk","13":"product_tag-dining-table","14":"product_tag-eettafel","15":"product_tag-louis-van-teeffelen","16":"product_tag-table","17":"product_tag-tafel","18":"product_tag-teak","19":"product_tag-wall-system","20":"product_tag-wall-unit","21":"product_tag-wandkast","22":"product_tag-wandmeubel","23":"product_tag-wandsysteem","25":"first","26":"outofstock","27":"sold-individually","28":"shipping-taxable","29":"product-type-simple"},"yoast_head":"<!-- This site is optimized with the Yoast SEO plugin v27.5 - https:\/\/yoast.com\/product\/yoast-seo-wordpress\/ -->\n<title>Wall Unit wandsysteem in teak van Louis van Teeffelen, W\u00e9b\u00e9 | Vintage Venue furniture<\/title>\n<meta name=\"description\" content=\"Vintage wall unit wandsysteem in teak, design van Louis van Teeffelen voor W\u00e9b\u00e9, uit de jaren 60.\" \/>\n<meta name=\"robots\" content=\"index, follow, max-snippet:-1, max-image-preview:large, max-video-preview:-1\" \/>\n<link rel=\"canonical\" href=\"https:\/\/www.vintagevenue.nl\/en\/product\/wall-unit-wall-system-by-louis-van-teeffelen-webe\/\" \/>\n<meta property=\"og:locale\" content=\"en_GB\" \/>\n<meta property=\"og:type\" content=\"article\" \/>\n<meta property=\"og:title\" content=\"Wall Unit wandsysteem in teak van Louis van Teeffelen, W\u00e9b\u00e9 | Vintage Venue furniture\" \/>\n<meta property=\"og:description\" content=\"Vintage wall unit wandsysteem in teak, design van Louis van Teeffelen voor W\u00e9b\u00e9, uit de jaren 60.\" \/>\n<meta property=\"og:url\" content=\"https:\/\/www.vintagevenue.nl\/en\/product\/wall-unit-wall-system-by-louis-van-teeffelen-webe\/\" \/>\n<meta property=\"og:site_name\" content=\"Vintage Venue furniture\" \/>\n<meta property=\"article:modified_time\" content=\"2026-04-03T17:43:06+00:00\" \/>\n<meta property=\"og:image\" content=\"https:\/\/www.vintagevenue.nl\/wp-content\/uploads\/IMG_2474-scaled.jpg\" \/>\n\t<meta property=\"og:image:width\" content=\"2560\" \/>\n\t<meta property=\"og:image:height\" content=\"2560\" \/>\n\t<meta property=\"og:image:type\" content=\"image\/jpeg\" \/>\n<meta name=\"twitter:card\" content=\"summary_large_image\" \/>\n<script type=\"application\/ld+json\" class=\"yoast-schema-graph\">{\"@context\":\"https:\\\/\\\/schema.org\",\"@graph\":[{\"@type\":\"WebPage\",\"@id\":\"https:\\\/\\\/www.vintagevenue.nl\\\/product\\\/wall-unit-wandsysteem-by-louis-van-teeffelen-webe\\\/\",\"url\":\"https:\\\/\\\/www.vintagevenue.nl\\\/product\\\/wall-unit-wandsysteem-by-louis-van-teeffelen-webe\\\/\",\"name\":\"Wall Unit wandsysteem in teak van Louis van Teeffelen, W\u00e9b\u00e9 | Vintage Venue furniture\",\"isPartOf\":{\"@id\":\"https:\\\/\\\/www.vintagevenue.nl\\\/#website\"},\"primaryImageOfPage\":{\"@id\":\"https:\\\/\\\/www.vintagevenue.nl\\\/product\\\/wall-unit-wandsysteem-by-louis-van-teeffelen-webe\\\/#primaryimage\"},\"image\":{\"@id\":\"https:\\\/\\\/www.vintagevenue.nl\\\/product\\\/wall-unit-wandsysteem-by-louis-van-teeffelen-webe\\\/#primaryimage\"},\"thumbnailUrl\":\"https:\\\/\\\/www.vintagevenue.nl\\\/wp-content\\\/uploads\\\/IMG_2474-scaled.jpg\",\"datePublished\":\"2021-08-09T16:23:24+00:00\",\"dateModified\":\"2026-04-03T17:43:06+00:00\",\"description\":\"Vintage wall unit wandsysteem in teak, design van Louis van Teeffelen voor W\u00e9b\u00e9, uit de jaren 60.\",\"breadcrumb\":{\"@id\":\"https:\\\/\\\/www.vintagevenue.nl\\\/product\\\/wall-unit-wandsysteem-by-louis-van-teeffelen-webe\\\/#breadcrumb\"},\"inLanguage\":\"en-GB\",\"potentialAction\":[{\"@type\":\"ReadAction\",\"target\":[\"https:\\\/\\\/www.vintagevenue.nl\\\/product\\\/wall-unit-wandsysteem-by-louis-van-teeffelen-webe\\\/\"]}]},{\"@type\":\"ImageObject\",\"inLanguage\":\"en-GB\",\"@id\":\"https:\\\/\\\/www.vintagevenue.nl\\\/product\\\/wall-unit-wandsysteem-by-louis-van-teeffelen-webe\\\/#primaryimage\",\"url\":\"https:\\\/\\\/www.vintagevenue.nl\\\/wp-content\\\/uploads\\\/IMG_2474-scaled.jpg\",\"contentUrl\":\"https:\\\/\\\/www.vintagevenue.nl\\\/wp-content\\\/uploads\\\/IMG_2474-scaled.jpg\",\"width\":2560,\"height\":2560,\"caption\":\"Mid century teak wandsysteem \\\/ wall unit design en ontwerp van Louis van Teeffelen voor W\u00e9b\u00e9 uit de jaren '60\"},{\"@type\":\"BreadcrumbList\",\"@id\":\"https:\\\/\\\/www.vintagevenue.nl\\\/product\\\/wall-unit-wandsysteem-by-louis-van-teeffelen-webe\\\/#breadcrumb\",\"itemListElement\":[{\"@type\":\"ListItem\",\"position\":1,\"name\":\"Home\",\"item\":\"https:\\\/\\\/www.vintagevenue.nl\\\/\"},{\"@type\":\"ListItem\",\"position\":2,\"name\":\"Shop\",\"item\":\"https:\\\/\\\/www.vintagevenue.nl\\\/shop\\\/\"},{\"@type\":\"ListItem\",\"position\":3,\"name\":\"Wall Unit wandsysteem in teak van Louis van Teeffelen, W\u00e9b\u00e9\"}]},{\"@type\":\"WebSite\",\"@id\":\"https:\\\/\\\/www.vintagevenue.nl\\\/#website\",\"url\":\"https:\\\/\\\/www.vintagevenue.nl\\\/\",\"name\":\"Vintage Venue furniture\",\"description\":\"\",\"publisher\":{\"@id\":\"https:\\\/\\\/www.vintagevenue.nl\\\/#organization\"},\"potentialAction\":[{\"@type\":\"SearchAction\",\"target\":{\"@type\":\"EntryPoint\",\"urlTemplate\":\"https:\\\/\\\/www.vintagevenue.nl\\\/?s={search_term_string}\"},\"query-input\":{\"@type\":\"PropertyValueSpecification\",\"valueRequired\":true,\"valueName\":\"search_term_string\"}}],\"inLanguage\":\"en-GB\"},{\"@type\":\"Organization\",\"@id\":\"https:\\\/\\\/www.vintagevenue.nl\\\/#organization\",\"name\":\"Vintage Venue furniture\",\"url\":\"https:\\\/\\\/www.vintagevenue.nl\\\/\",\"logo\":{\"@type\":\"ImageObject\",\"inLanguage\":\"en-GB\",\"@id\":\"https:\\\/\\\/www.vintagevenue.nl\\\/#\\\/schema\\\/logo\\\/image\\\/\",\"url\":\"https:\\\/\\\/www.vintagevenue.nl\\\/wp-content\\\/uploads\\\/Logo-VINTAGE-VENUE-furniture-2026-LIGGEND-met-grotere-afbeelding.jpg\",\"contentUrl\":\"https:\\\/\\\/www.vintagevenue.nl\\\/wp-content\\\/uploads\\\/Logo-VINTAGE-VENUE-furniture-2026-LIGGEND-met-grotere-afbeelding.jpg\",\"width\":2090,\"height\":445,\"caption\":\"Vintage Venue furniture\"},\"image\":{\"@id\":\"https:\\\/\\\/www.vintagevenue.nl\\\/#\\\/schema\\\/logo\\\/image\\\/\"},\"sameAs\":[\"https:\\\/\\\/www.instagram.com\\\/vintagevenuefurniture\\\/\"]}]}<\/script>\n<!-- \/ Yoast SEO plugin. -->","yoast_head_json":{"title":"Wall Unit wall system in teak by Louis van Teeffelen, W\u00e9b\u00e9 | Vintage Venue furniture","description":"Vintage wall unit wall system in teak, design by Louis van Teeffelen for W\u00e9b\u00e9, from the 1960s.","robots":{"index":"index","follow":"follow","max-snippet":"max-snippet:-1","max-image-preview":"max-image-preview:large","max-video-preview":"max-video-preview:-1"},"canonical":"https:\/\/www.vintagevenue.nl\/en\/product\/wall-unit-wall-system-by-louis-van-teeffelen-webe\/","og_locale":"en_GB","og_type":"article","og_title":"Wall Unit wandsysteem in teak van Louis van Teeffelen, W\u00e9b\u00e9 | Vintage Venue furniture","og_description":"Vintage wall unit wandsysteem in teak, design van Louis van Teeffelen voor W\u00e9b\u00e9, uit de jaren 60.","og_url":"https:\/\/www.vintagevenue.nl\/en\/product\/wall-unit-wall-system-by-louis-van-teeffelen-webe\/","og_site_name":"Vintage Venue furniture","article_modified_time":"2026-04-03T17:43:06+00:00","og_image":[{"width":2560,"height":2560,"url":"https:\/\/www.vintagevenue.nl\/wp-content\/uploads\/IMG_2474-scaled.jpg","type":"image\/jpeg"}],"twitter_card":"summary_large_image","schema":{"@context":"https:\/\/schema.org","@graph":[{"@type":"WebPage","@id":"https:\/\/www.vintagevenue.nl\/product\/wall-unit-wandsysteem-by-louis-van-teeffelen-webe\/","url":"https:\/\/www.vintagevenue.nl\/product\/wall-unit-wandsysteem-by-louis-van-teeffelen-webe\/","name":"Wall Unit wall system in teak by Louis van Teeffelen, W\u00e9b\u00e9 | Vintage Venue furniture","isPartOf":{"@id":"https:\/\/www.vintagevenue.nl\/#website"},"primaryImageOfPage":{"@id":"https:\/\/www.vintagevenue.nl\/product\/wall-unit-wandsysteem-by-louis-van-teeffelen-webe\/#primaryimage"},"image":{"@id":"https:\/\/www.vintagevenue.nl\/product\/wall-unit-wandsysteem-by-louis-van-teeffelen-webe\/#primaryimage"},"thumbnailUrl":"https:\/\/www.vintagevenue.nl\/wp-content\/uploads\/IMG_2474-scaled.jpg","datePublished":"2021-08-09T16:23:24+00:00","dateModified":"2026-04-03T17:43:06+00:00","description":"Vintage wall unit wall system in teak, design by Louis van Teeffelen for W\u00e9b\u00e9, from the 1960s.","breadcrumb":{"@id":"https:\/\/www.vintagevenue.nl\/product\/wall-unit-wandsysteem-by-louis-van-teeffelen-webe\/#breadcrumb"},"inLanguage":"en-GB","potentialAction":[{"@type":"ReadAction","target":["https:\/\/www.vintagevenue.nl\/product\/wall-unit-wandsysteem-by-louis-van-teeffelen-webe\/"]}]},{"@type":"ImageObject","inLanguage":"en-GB","@id":"https:\/\/www.vintagevenue.nl\/product\/wall-unit-wandsysteem-by-louis-van-teeffelen-webe\/#primaryimage","url":"https:\/\/www.vintagevenue.nl\/wp-content\/uploads\/IMG_2474-scaled.jpg","contentUrl":"https:\/\/www.vintagevenue.nl\/wp-content\/uploads\/IMG_2474-scaled.jpg","width":2560,"height":2560,"caption":"Mid century teak wandsysteem \/ wall unit design en ontwerp van Louis van Teeffelen voor W\u00e9b\u00e9 uit de jaren '60"},{"@type":"BreadcrumbList","@id":"https:\/\/www.vintagevenue.nl\/product\/wall-unit-wandsysteem-by-louis-van-teeffelen-webe\/#breadcrumb","itemListElement":[{"@type":"ListItem","position":1,"name":"Home","item":"https:\/\/www.vintagevenue.nl\/"},{"@type":"ListItem","position":2,"name":"Shop","item":"https:\/\/www.vintagevenue.nl\/shop\/"},{"@type":"ListItem","position":3,"name":"Wall Unit wandsysteem in teak van Louis van Teeffelen, W\u00e9b\u00e9"}]},{"@type":"WebSite","@id":"https:\/\/www.vintagevenue.nl\/#website","url":"https:\/\/www.vintagevenue.nl\/","name":"Vintage Venue furniture","description":"","publisher":{"@id":"https:\/\/www.vintagevenue.nl\/#organization"},"potentialAction":[{"@type":"SearchAction","target":{"@type":"EntryPoint","urlTemplate":"https:\/\/www.vintagevenue.nl\/?s={search_term_string}"},"query-input":{"@type":"PropertyValueSpecification","valueRequired":true,"valueName":"search_term_string"}}],"inLanguage":"en-GB"},{"@type":"Organization","@id":"https:\/\/www.vintagevenue.nl\/#organization","name":"Vintage Venue furniture","url":"https:\/\/www.vintagevenue.nl\/","logo":{"@type":"ImageObject","inLanguage":"en-GB","@id":"https:\/\/www.vintagevenue.nl\/#\/schema\/logo\/image\/","url":"https:\/\/www.vintagevenue.nl\/wp-content\/uploads\/Logo-VINTAGE-VENUE-furniture-2026-LIGGEND-met-grotere-afbeelding.jpg","contentUrl":"https:\/\/www.vintagevenue.nl\/wp-content\/uploads\/Logo-VINTAGE-VENUE-furniture-2026-LIGGEND-met-grotere-afbeelding.jpg","width":2090,"height":445,"caption":"Vintage Venue furniture"},"image":{"@id":"https:\/\/www.vintagevenue.nl\/#\/schema\/logo\/image\/"},"sameAs":["https:\/\/www.instagram.com\/vintagevenuefurniture\/"]}]}},"_links":{"self":[{"href":"https:\/\/www.vintagevenue.nl\/en\/wp-json\/wp\/v2\/product\/304","targetHints":{"allow":["GET"]}}],"collection":[{"href":"https:\/\/www.vintagevenue.nl\/en\/wp-json\/wp\/v2\/product"}],"about":[{"href":"https:\/\/www.vintagevenue.nl\/en\/wp-json\/wp\/v2\/types\/product"}],"wp:featuredmedia":[{"embeddable":true,"href":"https:\/\/www.vintagevenue.nl\/en\/wp-json\/wp\/v2\/media\/305"}],"wp:attachment":[{"href":"https:\/\/www.vintagevenue.nl\/en\/wp-json\/wp\/v2\/media?parent=304"}],"wp:term":[{"taxonomy":"product_brand","embeddable":true,"href":"https:\/\/www.vintagevenue.nl\/en\/wp-json\/wp\/v2\/product_brand?post=304"},{"taxonomy":"product_cat","embeddable":true,"href":"https:\/\/www.vintagevenue.nl\/en\/wp-json\/wp\/v2\/product_cat?post=304"},{"taxonomy":"product_tag","embeddable":true,"href":"https:\/\/www.vintagevenue.nl\/en\/wp-json\/wp\/v2\/product_tag?post=304"}],"curies":[{"name":"wp","href":"https:\/\/api.w.org\/{rel}","templated":true}]}}