{"id":4944,"date":"2024-01-26T10:49:09","date_gmt":"2024-01-26T09:49:09","guid":{"rendered":"https:\/\/www.vintagevenue.nl\/?post_type=product&#038;p=4944"},"modified":"2025-12-09T06:01:33","modified_gmt":"2025-12-09T05:01:33","slug":"deense-vintage-design-eettafel-van-thorso-mobelfabrik","status":"publish","type":"product","link":"https:\/\/www.vintagevenue.nl\/en\/product\/deense-vintage-design-eettafel-van-thorso-mobelfabrik\/","title":{"rendered":"Danish Brutalist design dining table from Thors\u00f8 M\u00f8belfabrik"},"content":{"rendered":"","protected":false},"excerpt":{"rendered":"<p>Extendable Danish design dining table by Thors\u00f8 M\u00f8belfabrik in solid cedar from the 1960s-70s (mid-century modern). The table is in very good condition and has minimal traces of use. The table is part of a set with six dining chairs that can be bought separately. The dimensions of the table are as follows:<\/p>\n<p>Width extended: 210 cm<br \/>\nWidth not extended: 160 cm<br \/>\nHeight: 73.5 cm<br \/>\nDepth: 91 cm<\/p>","protected":false},"featured_media":4948,"template":"","meta":{"_et_pb_use_builder":"","_et_pb_old_content":"","_et_gb_content_width":""},"product_brand":[],"product_cat":[487,16,17,490,21],"product_tag":[104,111,105,112],"class_list":{"0":"post-4944","1":"product","2":"type-product","3":"status-publish","4":"has-post-thumbnail","6":"product_cat-all-items","7":"product_cat-alle-items","8":"product_cat-bureaus-tafels","9":"product_cat-tables-en","10":"product_cat-tafels","11":"product_tag-dining-table","12":"product_tag-eettafel","13":"product_tag-table","14":"product_tag-tafel","16":"first","17":"outofstock","18":"shipping-taxable","19":"product-type-simple"},"yoast_head":"<!-- This site is optimized with the Yoast SEO plugin v27.5 - https:\/\/yoast.com\/product\/yoast-seo-wordpress\/ -->\n<title>Deense Brutalist design eettafel van Thors\u00f8 M\u00f8belfabrik | Vintage Venue furniture<\/title>\n<meta name=\"description\" content=\"Verlengbare Deense design eettafel van Thors\u00f8 M\u00f8belfabrik in massief cederhout, jaren &#039;60 &#039;70 (mid century modern).\" \/>\n<meta name=\"robots\" content=\"index, follow, max-snippet:-1, max-image-preview:large, max-video-preview:-1\" \/>\n<link rel=\"canonical\" href=\"https:\/\/www.vintagevenue.nl\/en\/product\/deense-vintage-design-eettafel-van-thorso-mobelfabrik\/\" \/>\n<meta property=\"og:locale\" content=\"en_GB\" \/>\n<meta property=\"og:type\" content=\"article\" \/>\n<meta property=\"og:title\" content=\"Deense Brutalist design eettafel van Thors\u00f8 M\u00f8belfabrik | Vintage Venue furniture\" \/>\n<meta property=\"og:description\" content=\"Verlengbare Deense design eettafel van Thors\u00f8 M\u00f8belfabrik in massief cederhout, jaren &#039;60 &#039;70 (mid century modern).\" \/>\n<meta property=\"og:url\" content=\"https:\/\/www.vintagevenue.nl\/en\/product\/deense-vintage-design-eettafel-van-thorso-mobelfabrik\/\" \/>\n<meta property=\"og:site_name\" content=\"Vintage Venue furniture\" \/>\n<meta property=\"article:modified_time\" content=\"2025-12-09T05:01:33+00:00\" \/>\n<meta property=\"og:image\" content=\"https:\/\/www.vintagevenue.nl\/wp-content\/uploads\/IMG_7222.jpg\" \/>\n\t<meta property=\"og:image:width\" content=\"1500\" \/>\n\t<meta property=\"og:image:height\" content=\"1500\" \/>\n\t<meta property=\"og:image:type\" content=\"image\/jpeg\" \/>\n<meta name=\"twitter:card\" content=\"summary_large_image\" \/>\n<meta name=\"twitter:label1\" content=\"Estimated reading time\" \/>\n\t<meta name=\"twitter:data1\" content=\"1 minute\" \/>\n<script type=\"application\/ld+json\" class=\"yoast-schema-graph\">{\"@context\":\"https:\\\/\\\/schema.org\",\"@graph\":[{\"@type\":\"WebPage\",\"@id\":\"https:\\\/\\\/www.vintagevenue.nl\\\/product\\\/deense-vintage-design-eettafel-van-thorso-mobelfabrik\\\/\",\"url\":\"https:\\\/\\\/www.vintagevenue.nl\\\/product\\\/deense-vintage-design-eettafel-van-thorso-mobelfabrik\\\/\",\"name\":\"Deense Brutalist design eettafel van Thors\u00f8 M\u00f8belfabrik | Vintage Venue furniture\",\"isPartOf\":{\"@id\":\"https:\\\/\\\/www.vintagevenue.nl\\\/#website\"},\"primaryImageOfPage\":{\"@id\":\"https:\\\/\\\/www.vintagevenue.nl\\\/product\\\/deense-vintage-design-eettafel-van-thorso-mobelfabrik\\\/#primaryimage\"},\"image\":{\"@id\":\"https:\\\/\\\/www.vintagevenue.nl\\\/product\\\/deense-vintage-design-eettafel-van-thorso-mobelfabrik\\\/#primaryimage\"},\"thumbnailUrl\":\"https:\\\/\\\/www.vintagevenue.nl\\\/wp-content\\\/uploads\\\/IMG_7222.jpg\",\"datePublished\":\"2024-01-26T09:49:09+00:00\",\"dateModified\":\"2025-12-09T05:01:33+00:00\",\"description\":\"Verlengbare Deense design eettafel van Thors\u00f8 M\u00f8belfabrik in massief cederhout, jaren '60 '70 (mid century modern).\",\"breadcrumb\":{\"@id\":\"https:\\\/\\\/www.vintagevenue.nl\\\/product\\\/deense-vintage-design-eettafel-van-thorso-mobelfabrik\\\/#breadcrumb\"},\"inLanguage\":\"en-GB\",\"potentialAction\":[{\"@type\":\"ReadAction\",\"target\":[\"https:\\\/\\\/www.vintagevenue.nl\\\/product\\\/deense-vintage-design-eettafel-van-thorso-mobelfabrik\\\/\"]}]},{\"@type\":\"ImageObject\",\"inLanguage\":\"en-GB\",\"@id\":\"https:\\\/\\\/www.vintagevenue.nl\\\/product\\\/deense-vintage-design-eettafel-van-thorso-mobelfabrik\\\/#primaryimage\",\"url\":\"https:\\\/\\\/www.vintagevenue.nl\\\/wp-content\\\/uploads\\\/IMG_7222.jpg\",\"contentUrl\":\"https:\\\/\\\/www.vintagevenue.nl\\\/wp-content\\\/uploads\\\/IMG_7222.jpg\",\"width\":1500,\"height\":1500,\"caption\":\"Foto van de bovenkant inclusief verlengdeel\"},{\"@type\":\"BreadcrumbList\",\"@id\":\"https:\\\/\\\/www.vintagevenue.nl\\\/product\\\/deense-vintage-design-eettafel-van-thorso-mobelfabrik\\\/#breadcrumb\",\"itemListElement\":[{\"@type\":\"ListItem\",\"position\":1,\"name\":\"Home\",\"item\":\"https:\\\/\\\/www.vintagevenue.nl\\\/\"},{\"@type\":\"ListItem\",\"position\":2,\"name\":\"Shop\",\"item\":\"https:\\\/\\\/www.vintagevenue.nl\\\/shop\\\/\"},{\"@type\":\"ListItem\",\"position\":3,\"name\":\"Deense Brutalist design eettafel van Thors\u00f8 M\u00f8belfabrik\"}]},{\"@type\":\"WebSite\",\"@id\":\"https:\\\/\\\/www.vintagevenue.nl\\\/#website\",\"url\":\"https:\\\/\\\/www.vintagevenue.nl\\\/\",\"name\":\"Vintage Venue furniture\",\"description\":\"\",\"publisher\":{\"@id\":\"https:\\\/\\\/www.vintagevenue.nl\\\/#organization\"},\"potentialAction\":[{\"@type\":\"SearchAction\",\"target\":{\"@type\":\"EntryPoint\",\"urlTemplate\":\"https:\\\/\\\/www.vintagevenue.nl\\\/?s={search_term_string}\"},\"query-input\":{\"@type\":\"PropertyValueSpecification\",\"valueRequired\":true,\"valueName\":\"search_term_string\"}}],\"inLanguage\":\"en-GB\"},{\"@type\":\"Organization\",\"@id\":\"https:\\\/\\\/www.vintagevenue.nl\\\/#organization\",\"name\":\"Vintage Venue furniture\",\"url\":\"https:\\\/\\\/www.vintagevenue.nl\\\/\",\"logo\":{\"@type\":\"ImageObject\",\"inLanguage\":\"en-GB\",\"@id\":\"https:\\\/\\\/www.vintagevenue.nl\\\/#\\\/schema\\\/logo\\\/image\\\/\",\"url\":\"https:\\\/\\\/www.vintagevenue.nl\\\/wp-content\\\/uploads\\\/Logo-VINTAGE-VENUE-furniture-2026-LIGGEND-met-grotere-afbeelding.jpg\",\"contentUrl\":\"https:\\\/\\\/www.vintagevenue.nl\\\/wp-content\\\/uploads\\\/Logo-VINTAGE-VENUE-furniture-2026-LIGGEND-met-grotere-afbeelding.jpg\",\"width\":2090,\"height\":445,\"caption\":\"Vintage Venue furniture\"},\"image\":{\"@id\":\"https:\\\/\\\/www.vintagevenue.nl\\\/#\\\/schema\\\/logo\\\/image\\\/\"},\"sameAs\":[\"https:\\\/\\\/www.instagram.com\\\/vintagevenuefurniture\\\/\"]}]}<\/script>\n<!-- \/ Yoast SEO plugin. -->","yoast_head_json":{"title":"Danish Brutalist design dining table by Thors\u00f8 M\u00f8belfabrik | Vintage Venue furniture","description":"Extendable Danish design dining table by Thors\u00f8 M\u00f8belfabrik in solid cedar wood, 1960s-1970s (mid-century modern).","robots":{"index":"index","follow":"follow","max-snippet":"max-snippet:-1","max-image-preview":"max-image-preview:large","max-video-preview":"max-video-preview:-1"},"canonical":"https:\/\/www.vintagevenue.nl\/en\/product\/deense-vintage-design-eettafel-van-thorso-mobelfabrik\/","og_locale":"en_GB","og_type":"article","og_title":"Deense Brutalist design eettafel van Thors\u00f8 M\u00f8belfabrik | Vintage Venue furniture","og_description":"Verlengbare Deense design eettafel van Thors\u00f8 M\u00f8belfabrik in massief cederhout, jaren '60 '70 (mid century modern).","og_url":"https:\/\/www.vintagevenue.nl\/en\/product\/deense-vintage-design-eettafel-van-thorso-mobelfabrik\/","og_site_name":"Vintage Venue furniture","article_modified_time":"2025-12-09T05:01:33+00:00","og_image":[{"width":1500,"height":1500,"url":"https:\/\/www.vintagevenue.nl\/wp-content\/uploads\/IMG_7222.jpg","type":"image\/jpeg"}],"twitter_card":"summary_large_image","twitter_misc":{"Estimated reading time":"1 minute"},"schema":{"@context":"https:\/\/schema.org","@graph":[{"@type":"WebPage","@id":"https:\/\/www.vintagevenue.nl\/product\/deense-vintage-design-eettafel-van-thorso-mobelfabrik\/","url":"https:\/\/www.vintagevenue.nl\/product\/deense-vintage-design-eettafel-van-thorso-mobelfabrik\/","name":"Danish Brutalist design dining table by Thors\u00f8 M\u00f8belfabrik | Vintage Venue furniture","isPartOf":{"@id":"https:\/\/www.vintagevenue.nl\/#website"},"primaryImageOfPage":{"@id":"https:\/\/www.vintagevenue.nl\/product\/deense-vintage-design-eettafel-van-thorso-mobelfabrik\/#primaryimage"},"image":{"@id":"https:\/\/www.vintagevenue.nl\/product\/deense-vintage-design-eettafel-van-thorso-mobelfabrik\/#primaryimage"},"thumbnailUrl":"https:\/\/www.vintagevenue.nl\/wp-content\/uploads\/IMG_7222.jpg","datePublished":"2024-01-26T09:49:09+00:00","dateModified":"2025-12-09T05:01:33+00:00","description":"Extendable Danish design dining table by Thors\u00f8 M\u00f8belfabrik in solid cedar wood, 1960s-1970s (mid-century modern).","breadcrumb":{"@id":"https:\/\/www.vintagevenue.nl\/product\/deense-vintage-design-eettafel-van-thorso-mobelfabrik\/#breadcrumb"},"inLanguage":"en-GB","potentialAction":[{"@type":"ReadAction","target":["https:\/\/www.vintagevenue.nl\/product\/deense-vintage-design-eettafel-van-thorso-mobelfabrik\/"]}]},{"@type":"ImageObject","inLanguage":"en-GB","@id":"https:\/\/www.vintagevenue.nl\/product\/deense-vintage-design-eettafel-van-thorso-mobelfabrik\/#primaryimage","url":"https:\/\/www.vintagevenue.nl\/wp-content\/uploads\/IMG_7222.jpg","contentUrl":"https:\/\/www.vintagevenue.nl\/wp-content\/uploads\/IMG_7222.jpg","width":1500,"height":1500,"caption":"Foto van de bovenkant inclusief verlengdeel"},{"@type":"BreadcrumbList","@id":"https:\/\/www.vintagevenue.nl\/product\/deense-vintage-design-eettafel-van-thorso-mobelfabrik\/#breadcrumb","itemListElement":[{"@type":"ListItem","position":1,"name":"Home","item":"https:\/\/www.vintagevenue.nl\/"},{"@type":"ListItem","position":2,"name":"Shop","item":"https:\/\/www.vintagevenue.nl\/shop\/"},{"@type":"ListItem","position":3,"name":"Deense Brutalist design eettafel van Thors\u00f8 M\u00f8belfabrik"}]},{"@type":"WebSite","@id":"https:\/\/www.vintagevenue.nl\/#website","url":"https:\/\/www.vintagevenue.nl\/","name":"Vintage Venue furniture","description":"","publisher":{"@id":"https:\/\/www.vintagevenue.nl\/#organization"},"potentialAction":[{"@type":"SearchAction","target":{"@type":"EntryPoint","urlTemplate":"https:\/\/www.vintagevenue.nl\/?s={search_term_string}"},"query-input":{"@type":"PropertyValueSpecification","valueRequired":true,"valueName":"search_term_string"}}],"inLanguage":"en-GB"},{"@type":"Organization","@id":"https:\/\/www.vintagevenue.nl\/#organization","name":"Vintage Venue furniture","url":"https:\/\/www.vintagevenue.nl\/","logo":{"@type":"ImageObject","inLanguage":"en-GB","@id":"https:\/\/www.vintagevenue.nl\/#\/schema\/logo\/image\/","url":"https:\/\/www.vintagevenue.nl\/wp-content\/uploads\/Logo-VINTAGE-VENUE-furniture-2026-LIGGEND-met-grotere-afbeelding.jpg","contentUrl":"https:\/\/www.vintagevenue.nl\/wp-content\/uploads\/Logo-VINTAGE-VENUE-furniture-2026-LIGGEND-met-grotere-afbeelding.jpg","width":2090,"height":445,"caption":"Vintage Venue furniture"},"image":{"@id":"https:\/\/www.vintagevenue.nl\/#\/schema\/logo\/image\/"},"sameAs":["https:\/\/www.instagram.com\/vintagevenuefurniture\/"]}]}},"_links":{"self":[{"href":"https:\/\/www.vintagevenue.nl\/en\/wp-json\/wp\/v2\/product\/4944","targetHints":{"allow":["GET"]}}],"collection":[{"href":"https:\/\/www.vintagevenue.nl\/en\/wp-json\/wp\/v2\/product"}],"about":[{"href":"https:\/\/www.vintagevenue.nl\/en\/wp-json\/wp\/v2\/types\/product"}],"wp:featuredmedia":[{"embeddable":true,"href":"https:\/\/www.vintagevenue.nl\/en\/wp-json\/wp\/v2\/media\/4948"}],"wp:attachment":[{"href":"https:\/\/www.vintagevenue.nl\/en\/wp-json\/wp\/v2\/media?parent=4944"}],"wp:term":[{"taxonomy":"product_brand","embeddable":true,"href":"https:\/\/www.vintagevenue.nl\/en\/wp-json\/wp\/v2\/product_brand?post=4944"},{"taxonomy":"product_cat","embeddable":true,"href":"https:\/\/www.vintagevenue.nl\/en\/wp-json\/wp\/v2\/product_cat?post=4944"},{"taxonomy":"product_tag","embeddable":true,"href":"https:\/\/www.vintagevenue.nl\/en\/wp-json\/wp\/v2\/product_tag?post=4944"}],"curies":[{"name":"wp","href":"https:\/\/api.w.org\/{rel}","templated":true}]}}